{"id":9598,"date":"2015-01-02T13:21:43","date_gmt":"2015-01-02T12:21:43","guid":{"rendered":"http:\/\/www.opalelongecote.fr\/givres-1er-janvier-2015\/"},"modified":"2015-01-02T16:15:34","modified_gmt":"2015-01-02T15:15:34","slug":"givres-1er-janvier-2015","status":"publish","type":"page","link":"https:\/\/www.opalelongecote.fr\/index2.php\/givres-1er-janvier-2015\/","title":{"rendered":"Givr\u00e9s 1er Janvier 2015"},"content":{"rendered":"<p>Comment bien commencer l&rsquo;ann\u00e9e, anc\u00eatre du longecote,\u00a0 3 d&rsquo;entres-nous y \u00e9taient d\u00e9j\u00e0 lors de la Premi\u00e8re en l&rsquo;an 2000.<\/p>\n<p><a href=\"http:\/\/www.opalelongecote.fr\/wp-content\/uploads\/2015\/01\/baindesGivr\u00e9sOrigine.jpg\"><img decoding=\"async\" class=\"alignnone  wp-image-9764 lazyload\" data-src=\"http:\/\/www.opalelongecote.fr\/wp-content\/uploads\/2015\/01\/baindesGivr\u00e9sOrigine-300x225.jpg\" alt=\"baindesGivr\u00e9sOrigine\" width=\"745\" height=\"559\" data-srcset=\"https:\/\/www.opalelongecote.fr\/wp-content\/uploads\/2015\/01\/baindesGivr\u00e9sOrigine-300x225.jpg 300w, https:\/\/www.opalelongecote.fr\/wp-content\/uploads\/2015\/01\/baindesGivr\u00e9sOrigine-510x383.jpg 510w, https:\/\/www.opalelongecote.fr\/wp-content\/uploads\/2015\/01\/baindesGivr\u00e9sOrigine-600x450.jpg 600w, https:\/\/www.opalelongecote.fr\/wp-content\/uploads\/2015\/01\/baindesGivr\u00e9sOrigine-200x150.jpg 200w, https:\/\/www.opalelongecote.fr\/wp-content\/uploads\/2015\/01\/baindesGivr\u00e9sOrigine-150x113.jpg 150w, https:\/\/www.opalelongecote.fr\/wp-content\/uploads\/2015\/01\/baindesGivr\u00e9sOrigine.jpg 800w\" data-sizes=\"(max-width: 745px) 100vw, 745px\" src=\"data:image\/svg+xml;base64,PHN2ZyB3aWR0aD0iMSIgaGVpZ2h0PSIxIiB4bWxucz0iaHR0cDovL3d3dy53My5vcmcvMjAwMC9zdmciPjwvc3ZnPg==\" style=\"--smush-placeholder-width: 745px; --smush-placeholder-aspect-ratio: 745\/559;\" \/><\/a><\/p>\n<p>[nggallery id=17]<\/p>\n","protected":false},"excerpt":{"rendered":"<p>Comment bien commencer l&rsquo;ann\u00e9e, anc\u00eatre du longecote,\u00a0 3 d&rsquo;entres-nous y \u00e9taient d\u00e9j\u00e0 lors de la Premi\u00e8re en l&rsquo;an 2000. [nggallery id=17]<\/p>\n","protected":false},"author":2,"featured_media":0,"parent":0,"menu_order":0,"comment_status":"closed","ping_status":"closed","template":"","meta":{"footnotes":""},"class_list":["post-9598","page","type-page","status-publish","hentry"],"_links":{"self":[{"href":"https:\/\/www.opalelongecote.fr\/index2.php\/wp-json\/wp\/v2\/pages\/9598","targetHints":{"allow":["GET"]}}],"collection":[{"href":"https:\/\/www.opalelongecote.fr\/index2.php\/wp-json\/wp\/v2\/pages"}],"about":[{"href":"https:\/\/www.opalelongecote.fr\/index2.php\/wp-json\/wp\/v2\/types\/page"}],"author":[{"embeddable":true,"href":"https:\/\/www.opalelongecote.fr\/index2.php\/wp-json\/wp\/v2\/users\/2"}],"replies":[{"embeddable":true,"href":"https:\/\/www.opalelongecote.fr\/index2.php\/wp-json\/wp\/v2\/comments?post=9598"}],"version-history":[{"count":5,"href":"https:\/\/www.opalelongecote.fr\/index2.php\/wp-json\/wp\/v2\/pages\/9598\/revisions"}],"predecessor-version":[{"id":9766,"href":"https:\/\/www.opalelongecote.fr\/index2.php\/wp-json\/wp\/v2\/pages\/9598\/revisions\/9766"}],"wp:attachment":[{"href":"https:\/\/www.opalelongecote.fr\/index2.php\/wp-json\/wp\/v2\/media?parent=9598"}],"curies":[{"name":"wp","href":"https:\/\/api.w.org\/{rel}","templated":true}]}}