{"id":8615,"date":"2014-12-07T19:37:23","date_gmt":"2014-12-07T18:37:23","guid":{"rendered":"http:\/\/www.opalelongecote.fr\/?page_id=8615"},"modified":"2016-03-20T07:31:17","modified_gmt":"2016-03-20T06:31:17","slug":"3-aquatrail","status":"publish","type":"page","link":"https:\/\/www.opalelongecote.fr\/index2.php\/nos-activites\/3-aquatrail\/","title":{"rendered":"Aquatrail, nage \u00e0 palmes, Rand&rsquo;Eau, Ultimate"},"content":{"rendered":"<h3>Aquatrail (palmes)<\/h3>\n<p>Combinaison des activit\u00e9s Trail et Rand&rsquo;Eau.<\/p>\n<h3>Rand&rsquo;Eau<\/h3>\n<p>Nage dorsale ou costale \u00e0 palmes, adapt\u00e9e aux milieux \u00e0 faible visibilit\u00e9 allie le plaisir de l&rsquo;\u00e9volution en milieu aquatique, la pratique dynamique et sportive, la convivialit\u00e9 li\u00e9e \u00e0 la possibilit\u00e9 de pratiquer en conversant.<\/p>\n<h3>Ultimate<\/h3>\n<p>Evolution en milieu aquatique en pleine mer, le principe, rejoindre ou tenter de rejoindre la c\u00f4te ou la plage \u00e0 la nage \u00e0 palmes ou simplement le temps d&rsquo;une ballade \u00e9voluer en pleine mer.<\/p>\n<h3>Comment et quand pratiquer<\/h3>\n<p>Ces activit\u00e9s ont \u00e9t\u00e9 imagin\u00e9es et d\u00e9velopp\u00e9es par notre association, leur pratique est r\u00e9serv\u00e9e aux adh\u00e9rents OLC qui disposent d&rsquo;une licence FFESSM et inscrits \u00e0 notre section Rand&rsquo;Eau.<\/p>\n<h3>Team Rand&rsquo;Eau, vos accompagnateurs<\/h3>\n<p><a href=\"http:\/\/www.opalelongecote.fr\/wp-content\/uploads\/2016\/01\/TeamRandEau.jpg\" target=\"_blank\">D\u00e9couvrir l&rsquo;\u00e9quipe .<\/a><\/p>\n<h4>Programme 2016<\/h4>\n<p>* <strong>Le samedi matin \u00e0 10h.<\/strong> (A partir de fin d&rsquo;avril).<\/p>\n<p>* <strong>Le dimanche matin<\/strong><\/p>\n<p>&#8211; De 9h30 \u00e0 10H30, d\u00e9couverte et entrainement en perimetre restreint.<\/p>\n<p>&#8211; De 10h30 \u00e0 11h30, ballade aquatique en p\u00e9rim\u00e8tre ouvert.<\/p>\n<p>* <strong>En ponctuel ou sp\u00e9cifique:<\/strong><\/p>\n<p>&#8211;\u00a0 Des s\u00e9ances en mer en soir\u00e9e<\/p>\n<p>&#8211; Des temps forts et des d\u00e9placements. (Baie de Somme, Saint Laurent de Blangy, manifestations organis\u00e9es par la FFESSM)<\/p>\n<p>&#8211; Piscine le vendredi soir par roulement (nombre de places limit\u00e9es).<\/p>\n<p>A Dunkerque et \u00e0 Opale Longe C\u00f4te on ne dit pas c&rsquo;est pas possible! mais comment on fait&#8230;<\/p>\n<p>On b\u00e2tit ensemble la premi\u00e8re station de sports divers (d&rsquo;Hiver) aquatique&#8230;.<\/p>\n<p style=\"text-align: center;\"><a href=\"http:\/\/www.opalelongecote.fr\/nos-partenaires\/ffessm-rand039eau-ultimate-aquatrail\/\">\u00a0Partenariat Opale Longe C\u00f4te \/ FFESSM<\/a><\/p>\n<p style=\"text-align: center;\">Renseignements et inscription au bureau ou Sophie 07 78 14 47 57<\/p>\n<p><a href=\"http:\/\/www.opalelongecote.fr\/wp-content\/uploads\/2014\/12\/RanddEau.jpg\">\u00a0\u00a0\u00a0\u00a0\u00a0\u00a0\u00a0\u00a0\u00a0\u00a0\u00a0\u00a0\u00a0\u00a0\u00a0 <img decoding=\"async\" class=\"alignnone wp-image-8644 lazyload\" data-src=\"http:\/\/www.opalelongecote.fr\/wp-content\/uploads\/2014\/12\/RanddEau-300x196.jpg\" alt=\"Randd'Eau\" width=\"149\" height=\"97\" data-srcset=\"https:\/\/www.opalelongecote.fr\/wp-content\/uploads\/2014\/12\/RanddEau-300x196.jpg 300w, https:\/\/www.opalelongecote.fr\/wp-content\/uploads\/2014\/12\/RanddEau-510x333.jpg 510w, https:\/\/www.opalelongecote.fr\/wp-content\/uploads\/2014\/12\/RanddEau-600x392.jpg 600w, https:\/\/www.opalelongecote.fr\/wp-content\/uploads\/2014\/12\/RanddEau-229x150.jpg 229w, https:\/\/www.opalelongecote.fr\/wp-content\/uploads\/2014\/12\/RanddEau-150x98.jpg 150w, https:\/\/www.opalelongecote.fr\/wp-content\/uploads\/2014\/12\/RanddEau.jpg 891w\" data-sizes=\"(max-width: 149px) 100vw, 149px\" src=\"data:image\/svg+xml;base64,PHN2ZyB3aWR0aD0iMSIgaGVpZ2h0PSIxIiB4bWxucz0iaHR0cDovL3d3dy53My5vcmcvMjAwMC9zdmciPjwvc3ZnPg==\" style=\"--smush-placeholder-width: 149px; --smush-placeholder-aspect-ratio: 149\/97;\" \/><\/a>\u00a0\u00a0\u00a0\u00a0\u00a0\u00a0\u00a0\u00a0 \u00a0\u00a0\u00a0\u00a0\u00a0\u00a0\u00a0\u00a0\u00a0\u00a0\u00a0\u00a0\u00a0\u00a0\u00a0\u00a0\u00a0\u00a0\u00a0\u00a0 \u00a0\u00a0 <a href=\"http:\/\/www.opalelongecote.fr\/wp-content\/uploads\/2014\/12\/logoFFESSM.jpg\"><img decoding=\"async\" class=\"alignnone size-medium wp-image-8635 lazyload\" data-src=\"http:\/\/www.opalelongecote.fr\/wp-content\/uploads\/2014\/12\/logoFFESSM-300x77.jpg\" alt=\"logoFFESSM\" width=\"300\" height=\"77\" data-srcset=\"https:\/\/www.opalelongecote.fr\/wp-content\/uploads\/2014\/12\/logoFFESSM-300x77.jpg 300w, https:\/\/www.opalelongecote.fr\/wp-content\/uploads\/2014\/12\/logoFFESSM-250x64.jpg 250w, https:\/\/www.opalelongecote.fr\/wp-content\/uploads\/2014\/12\/logoFFESSM-150x38.jpg 150w, https:\/\/www.opalelongecote.fr\/wp-content\/uploads\/2014\/12\/logoFFESSM.jpg 505w\" data-sizes=\"(max-width: 300px) 100vw, 300px\" src=\"data:image\/svg+xml;base64,PHN2ZyB3aWR0aD0iMSIgaGVpZ2h0PSIxIiB4bWxucz0iaHR0cDovL3d3dy53My5vcmcvMjAwMC9zdmciPjwvc3ZnPg==\" style=\"--smush-placeholder-width: 300px; --smush-placeholder-aspect-ratio: 300\/77;\" \/><\/a><\/p>\n","protected":false},"excerpt":{"rendered":"<p>Aquatrail (palmes) Combinaison des activit\u00e9s Trail et Rand&rsquo;Eau. Rand&rsquo;Eau Nage dorsale ou costale \u00e0 palmes, adapt\u00e9e aux milieux \u00e0 faible visibilit\u00e9 allie le plaisir de l&rsquo;\u00e9volution en milieu aquatique, la pratique dynamique et sportive, la convivialit\u00e9 li\u00e9e \u00e0 la possibilit\u00e9 de pratiquer en conversant. Ultimate Evolution en milieu aquatique en pleine mer, le principe, rejoindre [&hellip;]<\/p>\n","protected":false},"author":2,"featured_media":0,"parent":12693,"menu_order":0,"comment_status":"closed","ping_status":"closed","template":"","meta":{"footnotes":""},"class_list":["post-8615","page","type-page","status-publish","hentry"],"_links":{"self":[{"href":"https:\/\/www.opalelongecote.fr\/index2.php\/wp-json\/wp\/v2\/pages\/8615","targetHints":{"allow":["GET"]}}],"collection":[{"href":"https:\/\/www.opalelongecote.fr\/index2.php\/wp-json\/wp\/v2\/pages"}],"about":[{"href":"https:\/\/www.opalelongecote.fr\/index2.php\/wp-json\/wp\/v2\/types\/page"}],"author":[{"embeddable":true,"href":"https:\/\/www.opalelongecote.fr\/index2.php\/wp-json\/wp\/v2\/users\/2"}],"replies":[{"embeddable":true,"href":"https:\/\/www.opalelongecote.fr\/index2.php\/wp-json\/wp\/v2\/comments?post=8615"}],"version-history":[{"count":32,"href":"https:\/\/www.opalelongecote.fr\/index2.php\/wp-json\/wp\/v2\/pages\/8615\/revisions"}],"predecessor-version":[{"id":15601,"href":"https:\/\/www.opalelongecote.fr\/index2.php\/wp-json\/wp\/v2\/pages\/8615\/revisions\/15601"}],"up":[{"embeddable":true,"href":"https:\/\/www.opalelongecote.fr\/index2.php\/wp-json\/wp\/v2\/pages\/12693"}],"wp:attachment":[{"href":"https:\/\/www.opalelongecote.fr\/index2.php\/wp-json\/wp\/v2\/media?parent=8615"}],"curies":[{"name":"wp","href":"https:\/\/api.w.org\/{rel}","templated":true}]}}