{"id":62,"date":"2013-11-09T20:42:06","date_gmt":"2013-11-09T19:42:06","guid":{"rendered":"http:\/\/www.joyeux-web.fr\/longecote\/?page_id=62"},"modified":"2024-08-06T07:04:19","modified_gmt":"2024-08-06T06:04:19","slug":"le-longe-cote","status":"publish","type":"page","link":"https:\/\/www.opalelongecote.fr\/index2.php\/le-longe-cote\/","title":{"rendered":"Le Longe C\u00f4te, l&rsquo;Esprit LARGE&#8230;"},"content":{"rendered":"<h3>Le Longe C\u00f4te, d\u00e9finition<\/h3>\n<p>Marche en mer, \u00e9volution en milieu marin&#8230;<\/p>\n<p>Le Longe C\u00f4te a \u00e9t\u00e9 cr\u00e9\u00e9 le 8 mai 2007 par notre association, <strong>berceau, laboratoire et ambassadrice<\/strong> de la discipline que nous avons export\u00e9 en France et \u00e0 l\u2019\u00c9tranger. (Nord pas de Calais, Bretagne, Normandie, Charente Maritime, Dubai&#8230;) Nous partageons notre exp\u00e9rience avec ceux qui souhaitent\u00a0 avoir une\u00a0 <strong>approche Nature &#8211; Hommes<\/strong>,\u00a0 plut\u00f4t que \u00ab\u00a0disciplinaire\u00a0\u00bb, avec\u00a0 ceux qui pr\u00e9f\u00e8rent aux circuits traditionnels, la<strong> L<\/strong>ibert\u00e9<strong>,<\/strong> l&rsquo;<strong>A<\/strong>venture<strong>,<\/strong> la<strong> R<\/strong>\u00eaverie, les<strong> G<\/strong>rands<strong> E<\/strong>spaces, qui ont l&rsquo;Esprit <strong>LARGE<\/strong>.<\/p>\n<p>Agr\u00e9ment : Jeunesse et Sport N\u00b0 : 59 S 70 80 attribu\u00e9 par : Le MINIST\u00c8RE DE LA SANT\u00c9 DE LA JEUNESSE ET DES SPORTS Date :9 Novembre 2007.<\/p>\n<p>Pratique qui consiste \u00e0 progresser dans l&rsquo;eau , debout sur ses appuis, en harmonie avec le milieu, les vagues, le courant, la Nature.<\/p>\n<h3>Longe C\u00f4te, modes de pratique.<\/h3>\n<p>On constate \u00e0 chaque sortie et quelque soit le nombre de participants (10 ou 150) 4 grandes tendances.<\/p>\n<p>On peut soit<br \/>\n&#8211; Se laisser bercer et emporter dans sa r\u00eaverie :pratique <strong>ZEN.<\/strong><br \/>\n&#8211; fl\u00e2ner en papotant beaucoup: pratique <strong>LOISIR.<\/strong><br \/>\n&#8211; Faire du sport, on s&rsquo;active et on converse un peu: pratique <strong>AVENTURE.<\/strong><br \/>\n&#8211; \u00ab\u00a0Envoyer du lourd!\u00a0\u00bb, on n&rsquo;est pas l\u00e0 pour discuter! Le <strong>TRAIL<\/strong><\/p>\n<p>Lors de chaque sortie les 4 allures sont propos\u00e9es et pratiqu\u00e9es.<\/p>\n<p>En fonction de son \u00e9tat de forme du jour, de son envie, de ses capacit\u00e9s on peut avec l&rsquo;accord ou sur conseil des accompagnateurs en charge des Groupes s&rsquo;essayer au cours d&rsquo;une s\u00e9ance aux diff\u00e9rentes pratiques.<\/p>\n<h3><strong>Longe C\u00f4te, ambition<\/strong><\/h3>\n<p>S&rsquo;il est primordial de connaitre et d&rsquo;assimiler les diff\u00e9rentes techniques d\u2019\u00e9volution en milieu aquatique, d&rsquo;adopter les bonnes postures <a href=\"http:\/\/www.opalelongecote.fr\/formation\/adherent\/randeau-fiche-pratique\/\" target=\"_blank\" rel=\"noopener\"><span style=\"text-decoration: underline;\"><span style=\"color: #0000ff; text-decoration: underline;\">(article pour en savoir plus<\/span><\/span>) <\/a>pour pratiquer en s\u00e9curit\u00e9 et confort, <strong>l&rsquo;essentiel est ailleurs.<\/strong><\/p>\n<p>Se r\u00e9concilier avec le Milieu, d\u00e9couvrir une v\u00e9ritable THALASSOTHERAPIE en milieu Naturel, dans le plus grand terrain d&rsquo;aventure et de jeux du monde, la Mer.<\/p>\n<p>Il n&rsquo;est pas n\u00e9cessaire de savoir nager pour pratiquer le longe c\u00f4te. Avant de vouloir courir (nager), il faut d&rsquo;abord apprendre \u00e0 marcher, dans l&rsquo;Eau comme sur Terre. (<span style=\"text-decoration: underline;\"><span style=\"color: #0000ff;\"><a style=\"color: #0000ff; text-decoration: underline;\" href=\"http:\/\/www.opalelongecote.fr\/nos-activites\/aquaphilie\/\" target=\"_blank\" rel=\"noopener\">d\u00e9couvrir l&rsquo;Aquaphilie. <\/a><\/span><\/span>)<\/p>\n<h3>Longe C\u00f4te, l&#8217;empire des sens<\/h3>\n<p>Marcher en mer,\u00a0 \u00e9voluer en milieu marin, en toute libert\u00e9, \u00e0 la recherche de ses sensations <strong>en osmose avec le milieu<\/strong>, jouer avec la vague ou au contraire l\u2019affronter. Remonter les courants pour ne mieux qu\u2019en profiter sur le retour, se laissant emporter et bercer par la houle.Si vous cherchez un bracelet. Il y a quelque chose pour tous les looks, du pr\u00e8s du corps au structur\u00e9, des poignets aux bracelets et manchettes en cha\u00eene.<\/p>\n<p>D\u2019apparence simples, \u00e9videntes, les techniques propres au Longe C\u00f4te sont aussi nombreuses et subtiles que les couleurs issues du mariage du Ciel et de la mer.,<\/p>\n<h3>Pour aller plus loin<\/h3>\n<ul>\n<li>Des s\u00e9ances sp\u00e9cifiques sont r\u00e9guli\u00e8rement propos\u00e9es.<\/li>\n<li>\u00a0Des sorties longues sont organis\u00e9es<\/li>\n<li>Au moins un grand \u00e9v\u00e9nement par an permet de se d\u00e9couvrir et de mesurer les progr\u00e8s accomplis.<br \/>\n(2010 )Bray-Dunes &#8211; Dunkerque , (2011 La Panne Dunkerque),2 \u00e9ditions des \u00ab\u00a024h d&rsquo;Opale\u00a0\u00bb, ( 2012- 2013), 2 \u00e9ditions de la \u00ab\u00a0Nuit du longe cote\u00a0\u00bb (2014-2015).<br \/>\nEn Juin 2016 \u00ab\u00a0<strong>Soleil Levant<\/strong>, (dans le dos), 1er Trail aquatique Nieuwport (Belgique) &#8211; Dunkerque\u00a0\u00bb<br \/>\nD\u00e9part de Belgique vers 5h du matin pour rallier Dunkerque.<\/li>\n<li>Un voyage par an en Novembre nous permet de rencontrer les amis des autres associations<\/li>\n<\/ul>\n<h3><\/h3>\n<h3><strong>Et plus encore<\/strong><\/h3>\n<p>Aquatrail, Rand&rsquo;Eau, Ultimate&#8230; (<span style=\"text-decoration: underline;\"><span style=\"color: #0000ff;\"><a style=\"color: #0000ff; text-decoration: underline;\" href=\"http:\/\/www.opalelongecote.fr\/nos-activites\/3-aquatrail\/\" target=\"_blank\" rel=\"noopener\">D\u00e9couvrir<\/a><\/span><\/span>)<\/p>\n<h3>Ils sont l\u00e0 pour vous.<\/h3>\n<p><span style=\"text-decoration: underline;\"><span style=\"color: #0000ff;\"><a style=\"color: #0000ff; text-decoration: underline;\" href=\"http:\/\/www.opalelongecote.fr\/wp-content\/uploads\/2016\/01\/TeamOlc2016.jpg\" target=\"_blank\" rel=\"noopener\">Equipe d&rsquo;Accueil, vos Accompagnateurs<\/a><\/span><\/span><\/p>\n<p>&nbsp;<\/p>\n<p><img decoding=\"async\" class=\"alignnone  wp-image-15405 lazyload\" data-src=\"http:\/\/www.opalelongecote.fr\/wp-content\/uploads\/2013\/11\/2012-Sel-11-300x225.jpg\" alt=\"Longe C\u00f4te Dunkerque\" width=\"268\" height=\"201\" data-srcset=\"https:\/\/www.opalelongecote.fr\/wp-content\/uploads\/2013\/11\/2012-Sel-11-300x225.jpg 300w, https:\/\/www.opalelongecote.fr\/wp-content\/uploads\/2013\/11\/2012-Sel-11-768x576.jpg 768w, https:\/\/www.opalelongecote.fr\/wp-content\/uploads\/2013\/11\/2012-Sel-11-510x383.jpg 510w, https:\/\/www.opalelongecote.fr\/wp-content\/uploads\/2013\/11\/2012-Sel-11-600x450.jpg 600w\" data-sizes=\"(max-width: 268px) 100vw, 268px\" src=\"data:image\/svg+xml;base64,PHN2ZyB3aWR0aD0iMSIgaGVpZ2h0PSIxIiB4bWxucz0iaHR0cDovL3d3dy53My5vcmcvMjAwMC9zdmciPjwvc3ZnPg==\" style=\"--smush-placeholder-width: 268px; --smush-placeholder-aspect-ratio: 268\/201;\" \/> <img decoding=\"async\" class=\"alignnone  wp-image-15406 lazyload\" data-src=\"http:\/\/www.opalelongecote.fr\/wp-content\/uploads\/2013\/11\/2012-Sel-17-1-300x225.jpg\" alt=\"Longe Cote Dunkerque\" width=\"268\" height=\"201\" data-srcset=\"https:\/\/www.opalelongecote.fr\/wp-content\/uploads\/2013\/11\/2012-Sel-17-1-300x225.jpg 300w, https:\/\/www.opalelongecote.fr\/wp-content\/uploads\/2013\/11\/2012-Sel-17-1-768x576.jpg 768w, https:\/\/www.opalelongecote.fr\/wp-content\/uploads\/2013\/11\/2012-Sel-17-1-510x383.jpg 510w, https:\/\/www.opalelongecote.fr\/wp-content\/uploads\/2013\/11\/2012-Sel-17-1-600x450.jpg 600w\" data-sizes=\"(max-width: 268px) 100vw, 268px\" src=\"data:image\/svg+xml;base64,PHN2ZyB3aWR0aD0iMSIgaGVpZ2h0PSIxIiB4bWxucz0iaHR0cDovL3d3dy53My5vcmcvMjAwMC9zdmciPjwvc3ZnPg==\" style=\"--smush-placeholder-width: 268px; --smush-placeholder-aspect-ratio: 268\/201;\" \/><img decoding=\"async\" class=\"alignnone  wp-image-15407 lazyload\" data-src=\"http:\/\/www.opalelongecote.fr\/wp-content\/uploads\/2013\/11\/2012-Sel-18-300x225.jpg\" alt=\"Longe C\u00f4te Dunkerque\" width=\"268\" height=\"201\" data-srcset=\"https:\/\/www.opalelongecote.fr\/wp-content\/uploads\/2013\/11\/2012-Sel-18-300x225.jpg 300w, https:\/\/www.opalelongecote.fr\/wp-content\/uploads\/2013\/11\/2012-Sel-18-768x576.jpg 768w, https:\/\/www.opalelongecote.fr\/wp-content\/uploads\/2013\/11\/2012-Sel-18-510x383.jpg 510w, https:\/\/www.opalelongecote.fr\/wp-content\/uploads\/2013\/11\/2012-Sel-18-600x450.jpg 600w\" data-sizes=\"(max-width: 268px) 100vw, 268px\" src=\"data:image\/svg+xml;base64,PHN2ZyB3aWR0aD0iMSIgaGVpZ2h0PSIxIiB4bWxucz0iaHR0cDovL3d3dy53My5vcmcvMjAwMC9zdmciPjwvc3ZnPg==\" style=\"--smush-placeholder-width: 268px; --smush-placeholder-aspect-ratio: 268\/201;\" \/><\/p>\n","protected":false},"excerpt":{"rendered":"<p>Le Longe C\u00f4te, d\u00e9finition Marche en mer, \u00e9volution en milieu marin&#8230; Le Longe C\u00f4te a \u00e9t\u00e9 cr\u00e9\u00e9 le 8 mai 2007 par notre association, berceau, laboratoire et ambassadrice de la discipline que nous avons export\u00e9 en France et \u00e0 l\u2019\u00c9tranger. (Nord pas de Calais, Bretagne, Normandie, Charente Maritime, Dubai&#8230;) Nous partageons notre exp\u00e9rience avec ceux [&hellip;]<\/p>\n","protected":false},"author":2,"featured_media":15405,"parent":0,"menu_order":0,"comment_status":"closed","ping_status":"closed","template":"","meta":{"footnotes":""},"class_list":["post-62","page","type-page","status-publish","has-post-thumbnail","hentry"],"_links":{"self":[{"href":"https:\/\/www.opalelongecote.fr\/index2.php\/wp-json\/wp\/v2\/pages\/62","targetHints":{"allow":["GET"]}}],"collection":[{"href":"https:\/\/www.opalelongecote.fr\/index2.php\/wp-json\/wp\/v2\/pages"}],"about":[{"href":"https:\/\/www.opalelongecote.fr\/index2.php\/wp-json\/wp\/v2\/types\/page"}],"author":[{"embeddable":true,"href":"https:\/\/www.opalelongecote.fr\/index2.php\/wp-json\/wp\/v2\/users\/2"}],"replies":[{"embeddable":true,"href":"https:\/\/www.opalelongecote.fr\/index2.php\/wp-json\/wp\/v2\/comments?post=62"}],"version-history":[{"count":13,"href":"https:\/\/www.opalelongecote.fr\/index2.php\/wp-json\/wp\/v2\/pages\/62\/revisions"}],"predecessor-version":[{"id":30953,"href":"https:\/\/www.opalelongecote.fr\/index2.php\/wp-json\/wp\/v2\/pages\/62\/revisions\/30953"}],"wp:featuredmedia":[{"embeddable":true,"href":"https:\/\/www.opalelongecote.fr\/index2.php\/wp-json\/wp\/v2\/media\/15405"}],"wp:attachment":[{"href":"https:\/\/www.opalelongecote.fr\/index2.php\/wp-json\/wp\/v2\/media?parent=62"}],"curies":[{"name":"wp","href":"https:\/\/api.w.org\/{rel}","templated":true}]}}