{"id":4156,"date":"2014-03-13T20:31:10","date_gmt":"2014-03-13T19:31:10","guid":{"rendered":"http:\/\/www.opalelongecote.fr\/?page_id=4156"},"modified":"2018-10-25T03:58:16","modified_gmt":"2018-10-25T02:58:16","slug":"dates-retenir","status":"publish","type":"page","link":"https:\/\/www.opalelongecote.fr\/index2.php\/opale-longe-cote\/dates-retenir\/","title":{"rendered":"Agenda"},"content":{"rendered":"<h3>Activit\u00e9s&nbsp; \u00ab\u00a0additionnelles\u00a0\u00bb <strong>\u00e0 nos sorties traditionnelles du mercredi, vendredi, dimanche et accueil sur Rdv.<\/strong><\/h3>\n<p><span style=\"color: #ff00ff;\"><strong>&#8212;&#8211; Novembre &#8212;&#8211;<\/strong><\/span><\/p>\n<ul>\n<li>Formation Encadrement <strong>Samedi 10 ou Samedi 17 novembre.<\/strong>&nbsp;\n<ul>\n<li>3 ateliers propos\u00e9s:\n<ul>\n<li>&#8211; \u00ab Les postures \u00bb (en salle),<\/li>\n<li>&#8211; la vhf. (En ext\u00e9rieur),<\/li>\n<li>&#8211; nage et sauvetage (En mer)<\/li>\n<\/ul>\n<\/li>\n<li>L\u2019\u00e9preuve de confiance \u00bb&#8230; nous irons d\u00e9river, nager derri\u00e8re le brise-lames. (Modalit\u00e9s en court de finalisation)<\/li>\n<\/ul>\n<\/li>\n<li>Samedi 24 Novembre<\/li>\n<li>Randonn\u00e9e p\u00e9destre environ 30 km d\u00e9part de la base de la licorne. Sortie de pr\u00e9paration&nbsp; aux 100km de Steenwerck 2019.&nbsp;&nbsp; <span style=\"color: #0000ff;\"><a style=\"color: #0000ff;\" href=\"http:\/\/www.opalelongecote.fr\/opale-longe-cote-100-km-de-steenwerck-2019\/\">Toutes les information ICI<\/a>&nbsp;<\/span><\/li>\n<\/ul>\n<p><span style=\"color: #ff00ff;\"><strong>&#8212;&#8211; D\u00e9cembre &#8212;&#8211;<\/strong><\/span><\/p>\n<ul>\n<li>TELETHON<\/li>\n<li>Jeudi 13 septembre, R\u00e9union&nbsp; comit\u00e9 Opale longe C\u00f4te (Questions, suggestions \u00e0 adresser \u00e0 comite@opalelongecote.fr,)<\/li>\n<\/ul>\n","protected":false},"excerpt":{"rendered":"<p>Activit\u00e9s&nbsp; \u00ab\u00a0additionnelles\u00a0\u00bb \u00e0 nos sorties traditionnelles du mercredi, vendredi, dimanche et accueil sur Rdv. &#8212;&#8211; Novembre &#8212;&#8211; Formation Encadrement Samedi 10 ou Samedi 17 novembre.&nbsp; 3 ateliers propos\u00e9s: &#8211; \u00ab Les postures \u00bb (en salle), &#8211; la vhf. (En ext\u00e9rieur), &#8211; nage et sauvetage (En mer) L\u2019\u00e9preuve de confiance \u00bb&#8230; nous irons d\u00e9river, nager derri\u00e8re [&hellip;]<\/p>\n","protected":false},"author":2,"featured_media":0,"parent":68,"menu_order":0,"comment_status":"closed","ping_status":"closed","template":"","meta":{"footnotes":""},"class_list":["post-4156","page","type-page","status-publish","hentry"],"_links":{"self":[{"href":"https:\/\/www.opalelongecote.fr\/index2.php\/wp-json\/wp\/v2\/pages\/4156","targetHints":{"allow":["GET"]}}],"collection":[{"href":"https:\/\/www.opalelongecote.fr\/index2.php\/wp-json\/wp\/v2\/pages"}],"about":[{"href":"https:\/\/www.opalelongecote.fr\/index2.php\/wp-json\/wp\/v2\/types\/page"}],"author":[{"embeddable":true,"href":"https:\/\/www.opalelongecote.fr\/index2.php\/wp-json\/wp\/v2\/users\/2"}],"replies":[{"embeddable":true,"href":"https:\/\/www.opalelongecote.fr\/index2.php\/wp-json\/wp\/v2\/comments?post=4156"}],"version-history":[{"count":66,"href":"https:\/\/www.opalelongecote.fr\/index2.php\/wp-json\/wp\/v2\/pages\/4156\/revisions"}],"predecessor-version":[{"id":27446,"href":"https:\/\/www.opalelongecote.fr\/index2.php\/wp-json\/wp\/v2\/pages\/4156\/revisions\/27446"}],"up":[{"embeddable":true,"href":"https:\/\/www.opalelongecote.fr\/index2.php\/wp-json\/wp\/v2\/pages\/68"}],"wp:attachment":[{"href":"https:\/\/www.opalelongecote.fr\/index2.php\/wp-json\/wp\/v2\/media?parent=4156"}],"curies":[{"name":"wp","href":"https:\/\/api.w.org\/{rel}","templated":true}]}}