{"id":31,"date":"2013-11-09T00:53:25","date_gmt":"2013-11-08T23:53:25","guid":{"rendered":"http:\/\/www.joyeux-web.fr\/longecote\/?page_id=22"},"modified":"2018-09-29T19:38:27","modified_gmt":"2018-09-29T18:38:27","slug":"adherer-a-l-association","status":"publish","type":"page","link":"https:\/\/www.opalelongecote.fr\/index2.php\/faire-une-randonnee-pedestre-aquatique\/adherer-a-l-association\/","title":{"rendered":"Adh\u00e9rer \u00e0 l&rsquo;association"},"content":{"rendered":"<h3 style=\"text-align: left;\">Pour Adh\u00e9rer a l&rsquo;association Opale Longe Cote<\/h3>\n<p>Article en cours de r\u00e9-\u00e9criture&#8230;<\/p>\n<p>T\u00e9l\u00e9charger:<\/p>\n<p>Le bulletin d\u2019inscription <a href=\"http:\/\/www.opalelongecote.fr\/wp-content\/uploads\/2018\/08\/Engagement-Opale-Longecote-2019.pdf\"><span style=\"color: #3366ff;\">Engagement Opale Longecote 2018-2019<\/span><\/a><\/p>\n<p>Le questionnaire de sant\u00e9: <span style=\"color: #0000ff;\"><a href=\"http:\/\/www.opalelongecote.fr\/wp-content\/uploads\/2018\/08\/Questionnaire-Sante.pdf\"><span style=\"color: #0000ff;\">Questionnaire de sant\u00e9 <\/span><\/a><\/span><\/p>\n<h3>&nbsp;<\/h3>\n","protected":false},"excerpt":{"rendered":"<p>Pour Adh\u00e9rer a l&rsquo;association Opale Longe Cote Article en cours de r\u00e9-\u00e9criture&#8230; T\u00e9l\u00e9charger: Le bulletin d\u2019inscription Engagement Opale Longecote 2018-2019 Le questionnaire de sant\u00e9: Questionnaire de sant\u00e9 &nbsp;<\/p>\n","protected":false},"author":2,"featured_media":0,"parent":30,"menu_order":0,"comment_status":"closed","ping_status":"closed","template":"","meta":{"footnotes":""},"class_list":["post-31","page","type-page","status-publish","hentry"],"_links":{"self":[{"href":"https:\/\/www.opalelongecote.fr\/index2.php\/wp-json\/wp\/v2\/pages\/31","targetHints":{"allow":["GET"]}}],"collection":[{"href":"https:\/\/www.opalelongecote.fr\/index2.php\/wp-json\/wp\/v2\/pages"}],"about":[{"href":"https:\/\/www.opalelongecote.fr\/index2.php\/wp-json\/wp\/v2\/types\/page"}],"author":[{"embeddable":true,"href":"https:\/\/www.opalelongecote.fr\/index2.php\/wp-json\/wp\/v2\/users\/2"}],"replies":[{"embeddable":true,"href":"https:\/\/www.opalelongecote.fr\/index2.php\/wp-json\/wp\/v2\/comments?post=31"}],"version-history":[{"count":28,"href":"https:\/\/www.opalelongecote.fr\/index2.php\/wp-json\/wp\/v2\/pages\/31\/revisions"}],"predecessor-version":[{"id":27374,"href":"https:\/\/www.opalelongecote.fr\/index2.php\/wp-json\/wp\/v2\/pages\/31\/revisions\/27374"}],"up":[{"embeddable":true,"href":"https:\/\/www.opalelongecote.fr\/index2.php\/wp-json\/wp\/v2\/pages\/30"}],"wp:attachment":[{"href":"https:\/\/www.opalelongecote.fr\/index2.php\/wp-json\/wp\/v2\/media?parent=31"}],"curies":[{"name":"wp","href":"https:\/\/api.w.org\/{rel}","templated":true}]}}