{"id":28405,"date":"2021-12-30T12:16:40","date_gmt":"2021-12-30T11:16:40","guid":{"rendered":"https:\/\/www.opalelongecote.fr\/?page_id=28405"},"modified":"2022-01-03T19:46:41","modified_gmt":"2022-01-03T18:46:41","slug":"aquarun-fun","status":"publish","type":"page","link":"https:\/\/www.opalelongecote.fr\/index2.php\/aquarun-fun\/","title":{"rendered":"AQUARUN &#038; FUN"},"content":{"rendered":"\n<p class=\"has-medium-font-size\" data-block-type=\"core\">Vous avez aim\u00e9 l&rsquo; \u00c9dition Une, vous adorerez l&rsquo; \u00c9dition 2022 qui sera PLUS AQUA, PLUS RUN, PLUS FUN.<\/p>\n\n\n\n<p class=\"has-medium-font-size\" data-block-type=\"core\">ATTENTION il n&rsquo;y aura pas de place pour tout le monde, SAVE THE DATE ou \u00ab\u00a0mets \u00e0 jour t&rsquo;in agenda\u00a0\u00bb. <\/p>\n\n\n\n<div class=\"wp-block-image\" data-block-type=\"core\"><figure class=\"aligncenter size-large\"><img decoding=\"async\" width=\"510\" height=\"710\" data-src=\"https:\/\/www.opalelongecote.fr\/wp-content\/uploads\/2022\/01\/ARF2022-2-510x710.jpg\" alt=\"\" class=\"wp-image-28705 lazyload\" data-srcset=\"https:\/\/www.opalelongecote.fr\/wp-content\/uploads\/2022\/01\/ARF2022-2-510x710.jpg 510w, https:\/\/www.opalelongecote.fr\/wp-content\/uploads\/2022\/01\/ARF2022-2-215x300.jpg 215w, https:\/\/www.opalelongecote.fr\/wp-content\/uploads\/2022\/01\/ARF2022-2-768x1070.jpg 768w, https:\/\/www.opalelongecote.fr\/wp-content\/uploads\/2022\/01\/ARF2022-2-600x836.jpg 600w, https:\/\/www.opalelongecote.fr\/wp-content\/uploads\/2022\/01\/ARF2022-2.jpg 1036w\" data-sizes=\"(max-width: 510px) 100vw, 510px\" src=\"data:image\/svg+xml;base64,PHN2ZyB3aWR0aD0iMSIgaGVpZ2h0PSIxIiB4bWxucz0iaHR0cDovL3d3dy53My5vcmcvMjAwMC9zdmciPjwvc3ZnPg==\" style=\"--smush-placeholder-width: 510px; --smush-placeholder-aspect-ratio: 510\/710;\" \/><\/figure><\/div>\n\n\n\n<p class=\"has-text-align-center has-large-font-size\" data-block-type=\"core\">Retour sur l&rsquo; \u00c9dition 2021  1 en vid\u00e9o<\/p>\n\n\n\n<p class=\"has-huge-font-size\" data-block-type=\"core\">AQUA<\/p>\n\n\n\n<figure class=\"wp-block-video\" data-block-type=\"core\"><video height=\"1080\" style=\"aspect-ratio: 1920 \/ 1080;\" width=\"1920\" controls src=\"https:\/\/www.opalelongecote.fr\/wp-content\/uploads\/2021\/12\/AQUA-V1_1.mp4\"><\/video><\/figure>\n\n\n\n<p class=\"has-huge-font-size\" data-block-type=\"core\">RUN<\/p>\n\n\n\n<figure class=\"wp-block-video\" data-block-type=\"core\"><video height=\"1080\" style=\"aspect-ratio: 1920 \/ 1080;\" width=\"1920\" controls src=\"https:\/\/www.opalelongecote.fr\/wp-content\/uploads\/2021\/12\/RUN-V1.mp4\"><\/video><\/figure>\n\n\n\n<p class=\"has-huge-font-size\" data-block-type=\"core\">&amp; FUN<\/p>\n\n\n\n<figure class=\"wp-block-video\" data-block-type=\"core\"><video height=\"1080\" style=\"aspect-ratio: 1920 \/ 1080;\" width=\"1920\" controls src=\"https:\/\/www.opalelongecote.fr\/wp-content\/uploads\/2021\/12\/FUN-V1_1.mp4\"><\/video><\/figure>\n\n\n\n<p class=\"has-huge-font-size\" data-block-type=\"core\">Et en photos<\/p>\n\n\n<p data-block-type=\"core\">[nggallery id = 48]<\/p>\n","protected":false},"excerpt":{"rendered":"<p>Vous avez aim\u00e9 l&rsquo; \u00c9dition Une, vous adorerez l&rsquo; \u00c9dition 2022 qui sera PLUS AQUA, PLUS RUN, PLUS FUN. ATTENTION il n&rsquo;y aura pas de place pour tout le monde, SAVE THE DATE ou \u00ab\u00a0mets \u00e0 jour t&rsquo;in agenda\u00a0\u00bb. Retour sur l&rsquo; \u00c9dition 2021 1 en vid\u00e9o AQUA RUN &amp; FUN Et en photos<\/p>\n","protected":false},"author":2,"featured_media":28702,"parent":0,"menu_order":0,"comment_status":"closed","ping_status":"closed","template":"","meta":{"footnotes":""},"class_list":["post-28405","page","type-page","status-publish","has-post-thumbnail","hentry"],"_links":{"self":[{"href":"https:\/\/www.opalelongecote.fr\/index2.php\/wp-json\/wp\/v2\/pages\/28405","targetHints":{"allow":["GET"]}}],"collection":[{"href":"https:\/\/www.opalelongecote.fr\/index2.php\/wp-json\/wp\/v2\/pages"}],"about":[{"href":"https:\/\/www.opalelongecote.fr\/index2.php\/wp-json\/wp\/v2\/types\/page"}],"author":[{"embeddable":true,"href":"https:\/\/www.opalelongecote.fr\/index2.php\/wp-json\/wp\/v2\/users\/2"}],"replies":[{"embeddable":true,"href":"https:\/\/www.opalelongecote.fr\/index2.php\/wp-json\/wp\/v2\/comments?post=28405"}],"version-history":[{"count":9,"href":"https:\/\/www.opalelongecote.fr\/index2.php\/wp-json\/wp\/v2\/pages\/28405\/revisions"}],"predecessor-version":[{"id":28708,"href":"https:\/\/www.opalelongecote.fr\/index2.php\/wp-json\/wp\/v2\/pages\/28405\/revisions\/28708"}],"wp:featuredmedia":[{"embeddable":true,"href":"https:\/\/www.opalelongecote.fr\/index2.php\/wp-json\/wp\/v2\/media\/28702"}],"wp:attachment":[{"href":"https:\/\/www.opalelongecote.fr\/index2.php\/wp-json\/wp\/v2\/media?parent=28405"}],"curies":[{"name":"wp","href":"https:\/\/api.w.org\/{rel}","templated":true}]}}