{"id":27433,"date":"2018-10-21T19:00:22","date_gmt":"2018-10-21T18:00:22","guid":{"rendered":"http:\/\/www.opalelongecote.fr\/?page_id=27433"},"modified":"2019-01-06T08:45:54","modified_gmt":"2019-01-06T07:45:54","slug":"opale-longe-cote-100-km-de-steenwerck-2019","status":"publish","type":"page","link":"https:\/\/www.opalelongecote.fr\/index2.php\/opale-longe-cote-100-km-de-steenwerck-2019\/","title":{"rendered":"Opale Longe C\u00f4te 100 km de STEENWERCK 2019"},"content":{"rendered":"<p><img decoding=\"async\" class=\"alignnone wp-image-27434 lazyload\" data-src=\"http:\/\/www.opalelongecote.fr\/wp-content\/uploads\/2018\/10\/Olc-Steenwerck-2019-300x228.jpg\" alt=\"\" width=\"718\" height=\"546\" data-srcset=\"https:\/\/www.opalelongecote.fr\/wp-content\/uploads\/2018\/10\/Olc-Steenwerck-2019-300x228.jpg 300w, https:\/\/www.opalelongecote.fr\/wp-content\/uploads\/2018\/10\/Olc-Steenwerck-2019-768x583.jpg 768w, https:\/\/www.opalelongecote.fr\/wp-content\/uploads\/2018\/10\/Olc-Steenwerck-2019-510x387.jpg 510w, https:\/\/www.opalelongecote.fr\/wp-content\/uploads\/2018\/10\/Olc-Steenwerck-2019-600x455.jpg 600w, https:\/\/www.opalelongecote.fr\/wp-content\/uploads\/2018\/10\/Olc-Steenwerck-2019.jpg 1545w\" data-sizes=\"(max-width: 718px) 100vw, 718px\" src=\"data:image\/svg+xml;base64,PHN2ZyB3aWR0aD0iMSIgaGVpZ2h0PSIxIiB4bWxucz0iaHR0cDovL3d3dy53My5vcmcvMjAwMC9zdmciPjwvc3ZnPg==\" style=\"--smush-placeholder-width: 718px; --smush-placeholder-aspect-ratio: 718\/546;\" \/><\/p>\n<p>&nbsp;<\/p>\n<h2>Quel rapport entre le Longe cote marche aquatique tel que nous le pratiquons \u00e0 Dunkerque \u00e0 Opale Longe Cote berceau de la discipline et la marche d&rsquo;endurance?<\/h2>\n<p>2 disciplines qui appellent et requi\u00e8rent des qualit\u00e9s physiques diff\u00e9rentes mais qui se compl\u00e8tent parfaitement.<\/p>\n<h2>Pr\u00e9-requis<\/h2>\n<p>1- \u00catre amoureux de la Nature<\/p>\n<p>2- Aimer les grands espaces<\/p>\n<p>3- Etre joueur et aimer se d\u00e9passer<\/p>\n<p>4- Aimer partager, \u00eatre solidaire et aimer l&rsquo;aventure en EQUIPE.<\/p>\n<p>5- Avoir de la \u00ab\u00a0Gueule\u00a0\u00bb, du mental, OSER!<\/p>\n<h2>&nbsp;<\/h2>\n<h2>Qui peut participer<\/h2>\n<p><strong>TOUT LE MONDE<\/strong> \u00e0 condition de s&rsquo;y pr\u00e9parer et de se fixer un objectif raisonnable.<\/p>\n<p>Tout le monde ne fera pas ou n&rsquo;essayera pas de faire les 100km d\u00e9s la premi\u00e8re ann\u00e9e, mais tout le monde peut prendre le d\u00e9part et participer pour au moins 1 tour. (34 km et 24heures pour les parcourir)<\/p>\n<p>M\u00eame philosophie que pour les Nuits du Longe Cote, les Ultra trail aquatique Nieuwpoort &#8211; Dunkerque. Chacun participe selon son envie, ses capacit\u00e9s mais essaie, participe \u00e0 l&rsquo;aventure.<\/p>\n<h2>ATTENTION<\/h2>\n<p>Le longe cote comme la marche sont b\u00e9n\u00e9fiques pour la Sant\u00e9, le moral, quasi VITAUX et ne requi\u00e8rent que des pr\u00e9cautions li\u00e9es \u00e0 la DANGEROSIT\u00c9 au milieu naturel.<\/p>\n<p>Se lancer dans la longue distance exige une pr\u00e9paration, de l&rsquo;entrainement, de l\u2019exp\u00e9rience, du bon sens et de la volont\u00e9.<\/p>\n<h2>Quels enseignements tir\u00e9s de nos premiers entrainements<\/h2>\n<p>Comme pour le longe cote, si l&rsquo;envie et plaisir \u00e0 faire Ensemble sont l\u00e0, nous n&rsquo;avons pas tous les m\u00eames caract\u00e9ristiques morphologiques, physiques, les m\u00eames capacit\u00e9s et donc comme pour le longe cote et comme pour le MARATHON nous ferons des GROUPES D&rsquo;ALLURE emmen\u00e9s par des li\u00e8vres.<\/p>\n<p>Jean-Marc a cal\u00e9 notre programme d&rsquo;entrainements sur ce projet et nous alternons les sorties longue et plus courtes afin que chacun puisse se pr\u00e9parer sereinement<\/p>\n<p><strong>Comme pour le longe cote nous allons apprendre, grandir et nous adapter tous ENSEMBLE afin que tout ceux qui le souhaitent peuvent prendre part \u00e0 cette aventure premi\u00e8re d&rsquo;une longues s\u00e9ries&nbsp; de beaux voyages&#8230;<br \/>\n<\/strong><\/p>\n<h2>NOUS ne sommes pas seuls&#8230;. (A suivre&#8230;)<\/h2>\n<h2>COMMENT on s&rsquo;organise pour STEENWERCK ?<\/h2>\n<p>L&rsquo;association fera une inscription group\u00e9e, nous organiserons du co voiturage voire un bus si nous sommes tr\u00e8s nombreux et nous r\u00e9fl\u00e9chissons \u00e0 l&rsquo;installation d&rsquo;un camp de base sur place afin que chacun puisse participer \u00e0 la f\u00eate pendant les 24h et encourager et accueillir les derniers qui boucleront les 100km.<\/p>\n<h2>Que faut-il faire maintenant : Commencer par se renseigner et participer \u00e0 une sortie facile<\/h2>\n<p>Ensuite on voit ensemble<\/p>\n<h2>O\u00f9 s&rsquo;inscrire et se renseigner<\/h2>\n<p>On s&rsquo;inscrit&nbsp; en ligne sur le site (comme pour une sortie longe cote)&nbsp; et pour ceux qui n&rsquo;y arrive pas&nbsp; on appelle Sophie&nbsp; (<span class=\"contact-telephone\">07 78 14 47 57 <\/span>) ou on lui fait un SMS&nbsp;<\/p>\n<p><img decoding=\"async\" class=\"alignnone wp-image-27609 lazyload\" data-src=\"http:\/\/www.opalelongecote.fr\/wp-content\/uploads\/2019\/01\/inscriptionrando-300x113.jpg\" alt=\"\" width=\"809\" height=\"305\" data-srcset=\"https:\/\/www.opalelongecote.fr\/wp-content\/uploads\/2019\/01\/inscriptionrando-300x113.jpg 300w, https:\/\/www.opalelongecote.fr\/wp-content\/uploads\/2019\/01\/inscriptionrando-510x191.jpg 510w, https:\/\/www.opalelongecote.fr\/wp-content\/uploads\/2019\/01\/inscriptionrando-600x225.jpg 600w\" data-sizes=\"(max-width: 809px) 100vw, 809px\" src=\"data:image\/svg+xml;base64,PHN2ZyB3aWR0aD0iMSIgaGVpZ2h0PSIxIiB4bWxucz0iaHR0cDovL3d3dy53My5vcmcvMjAwMC9zdmciPjwvc3ZnPg==\" style=\"--smush-placeholder-width: 809px; --smush-placeholder-aspect-ratio: 809\/305;\" \/><\/p>\n<p>&nbsp;<\/p>\n<p>&nbsp;<\/p>\n<h2>Programme d&rsquo;entrainement et de pr\u00e9paration:<\/h2>\n<p>&#8211; <strong>2 f\u00e9vrier 2019:<\/strong> 30 \u00e0 35kms environ qui pourrait \u00eatre un aller retour Bergues au d\u00e9part de la base <strong>FACILE<\/strong><\/p>\n<p>&#8211; <strong>26 Janvier 2019<\/strong> 40 \u00e0 45 kmsqui pourrait \u00eatre une rando sur le site des 2 caps au d\u00e9part de Bazinghem avec pr\u00e8s de 800m de d\u00e9nivel\u00e9. <strong>DIFFICILE<\/strong><\/p>\n<p>&#8211; <strong>12 Janvier 2019<\/strong>: 30 \u00e0 35 kms qui pourrait \u00eatre une d\u00e9couverte des dunes entre la Panne et Niewpoort. <strong>FACILE<\/strong><\/p>\n<p>&#8211; <strong>15 d\u00e9cembre 2018<\/strong>: 25 \u00e0 30 Kms qui pourrait \u00eatre \u00ab\u00a0les balcons de la baie de Wissant\u00a0\u00bb avec un d\u00e9part du Blanc Nez et un d\u00e9nivel\u00e9 de pr\u00e8s de 500m <strong>FACILE<\/strong><\/p>\n<p>&#8211; <strong>8 d\u00e9cembre 2018<\/strong> Oostende Bruges 40 kms pour m\u00e9moire . : <strong>Sortie d&rsquo;Evaluation 2<\/strong><\/p>\n<p>&#8211; <strong>Samedi 24 Novembre 2018<\/strong>, Premier entrainement de pr\u00e9paration , Rando d&rsquo; environ 30 KMS Ballades dans les Dunes et sur la plage Dunkerque &#8211; Adinkerque : <strong>SORTIE d&rsquo;\u00e9valuation 1<\/strong><\/p>\n<p>&nbsp;<\/p>\n<h3>R\u00c9F\u00c9RENTS PROJET:&nbsp; Sophie, Jean-Charles, Jean-paul, Philippe.<\/h3>\n<h3>Notre SPECIALISTE ; Jean-Marc<\/h3>\n<h2>Site officiel de la manifestation 29 et 30 mai 2019 :&nbsp;&nbsp; <a href=\"https:\/\/100kmsteenwerck.fr\/pages\/2019\">https:\/\/100kmsteenwerck.fr\/pages\/2019<\/a><\/h2>\n<p>&nbsp;<\/p>\n<h2 style=\"text-align: center;\">On pr\u00e9pare notre <b>V<\/b><b>e<\/b><b> NUIT DU LONGE COTE Samedi 22 Juin 2019<\/b> par une \u00ab\u00a0petite\u00a0\u00bb mise en jambes \u00e0&nbsp; STEENWERCK.<\/h2>\n<p>&nbsp;<\/p>\n","protected":false},"excerpt":{"rendered":"<p>&nbsp; Quel rapport entre le Longe cote marche aquatique tel que nous le pratiquons \u00e0 Dunkerque \u00e0 Opale Longe Cote berceau de la discipline et la marche d&rsquo;endurance? 2 disciplines qui appellent et requi\u00e8rent des qualit\u00e9s physiques diff\u00e9rentes mais qui se compl\u00e8tent parfaitement. Pr\u00e9-requis 1- \u00catre amoureux de la Nature 2- Aimer les grands espaces [&hellip;]<\/p>\n","protected":false},"author":2,"featured_media":27434,"parent":0,"menu_order":0,"comment_status":"closed","ping_status":"closed","template":"","meta":{"footnotes":""},"class_list":["post-27433","page","type-page","status-publish","has-post-thumbnail","hentry"],"_links":{"self":[{"href":"https:\/\/www.opalelongecote.fr\/index2.php\/wp-json\/wp\/v2\/pages\/27433","targetHints":{"allow":["GET"]}}],"collection":[{"href":"https:\/\/www.opalelongecote.fr\/index2.php\/wp-json\/wp\/v2\/pages"}],"about":[{"href":"https:\/\/www.opalelongecote.fr\/index2.php\/wp-json\/wp\/v2\/types\/page"}],"author":[{"embeddable":true,"href":"https:\/\/www.opalelongecote.fr\/index2.php\/wp-json\/wp\/v2\/users\/2"}],"replies":[{"embeddable":true,"href":"https:\/\/www.opalelongecote.fr\/index2.php\/wp-json\/wp\/v2\/comments?post=27433"}],"version-history":[{"count":13,"href":"https:\/\/www.opalelongecote.fr\/index2.php\/wp-json\/wp\/v2\/pages\/27433\/revisions"}],"predecessor-version":[{"id":27615,"href":"https:\/\/www.opalelongecote.fr\/index2.php\/wp-json\/wp\/v2\/pages\/27433\/revisions\/27615"}],"wp:featuredmedia":[{"embeddable":true,"href":"https:\/\/www.opalelongecote.fr\/index2.php\/wp-json\/wp\/v2\/media\/27434"}],"wp:attachment":[{"href":"https:\/\/www.opalelongecote.fr\/index2.php\/wp-json\/wp\/v2\/media?parent=27433"}],"curies":[{"name":"wp","href":"https:\/\/api.w.org\/{rel}","templated":true}]}}