{"id":16947,"date":"2017-02-09T07:30:32","date_gmt":"2017-02-09T06:30:32","guid":{"rendered":"http:\/\/www.opalelongecote.fr\/?page_id=16947"},"modified":"2017-04-22T07:44:00","modified_gmt":"2017-04-22T06:44:00","slug":"finboard-dunkerque","status":"publish","type":"page","link":"https:\/\/www.opalelongecote.fr\/index2.php\/finboard-dunkerque\/","title":{"rendered":"Le Finboard \u00e0 Dunkerque, B\u00e9b\u00e9 Breton&#8230;."},"content":{"rendered":"<h2>Le Finboard \u00e0 Dunkerque avec Opale Longe C\u00f4te<\/h2>\n<h3>Inventeur <strong>Breton<\/strong> Guillaume, Premi\u00e8re Communaut\u00e9&#8230; <strong>Dunkerquoise, \u00ab\u00a0B\u00e9b\u00e9 FINBOARD\u00a0\u00bb va grandir en mer du Nord sur la plage de Malo les Bains. <\/strong><\/h3>\n<h2>Le projet FINBOARD<\/h2>\n<ul>\n<li>Opale Longe C\u00f4te:&nbsp; <span style=\"text-decoration: underline;\"><span style=\"color: #0000ff;\"><a style=\"color: #0000ff; text-decoration: underline;\" href=\"http:\/\/www.opalelongecote.fr\/wp-content\/uploads\/2017\/01\/Projet-Finboard-AQUANAUTISME..pdf\">projet-finboard-aquanautisme<\/a><\/span><\/span><\/li>\n<li>Lettre de Course ou d\u2019attention de Guillaume TURBEC inventeur du FINBOARD : <span style=\"text-decoration: underline;\"><span style=\"color: #0000ff;\"><a class=\"fancybox image\" style=\"color: #0000ff; text-decoration: underline;\" href=\"http:\/\/www.opalelongecote.fr\/wp-content\/uploads\/2017\/01\/Lettre-de-Guillaume-e1484019975600.jpg\" target=\"_blank\">LIRE<\/a><\/span><\/span><\/li>\n<li>R\u00e9sultats des Premi\u00e8res Assises FINBOARD Dunkerque F\u00e9vrier 2017 : <span style=\"text-decoration: underline;\"><span style=\"color: #0000ff;\"><a style=\"color: #0000ff; text-decoration: underline;\" href=\"http:\/\/www.opalelongecote.fr\/wp-content\/uploads\/2017\/02\/Opale-Longe-Cote-1ere-assises-FINBOARD-a-Dunkerque-Fevrier-2017Communication-.pdf\">LIRE<\/a><\/span><\/span><\/li>\n<li><\/li>\n<li>23, 24, 25 Juin <strong>Dunkerque&nbsp; FINBOARD &#8211; TOUR &#8211; Les Pionniers&#8230;<\/strong>\n<ul>\n<li>Sorties en Journ\u00e9e, on longe la C\u00f4te et au Large&#8230; (Vendredi 23 et samedi 24) , d\u00e9couverte, initiation, perfectionnement<\/li>\n<li>&nbsp;Coucher de Soleil&nbsp; (22h &#8211; Minuit) (Samedi 24)<\/li>\n<li>&nbsp;Au soleil Levant. Un 5&nbsp; \u00e0 7 et plus si affinit\u00e9 jusqu&rsquo;\u00e0 midi? Mise \u00e0 l&rsquo;eau 5h du matin!!!!! (Dimanche 25)<\/li>\n<\/ul>\n<\/li>\n<\/ul>\n<p>Avis \u00e0 tous les Amoureux de la Mer, venez d\u00e9couvrir cette nouvelle fa\u00e7on d&rsquo;\u00e9voluer dans cet univers que nous aimons tant, Guillaume&nbsp; sera bien sur l\u00e0 et nous aurons peut etre l&rsquo;occasion de tester ces derni\u00e8res innovations, La FINBOARD VISIO version FAMILLES.<\/p>\n<p>A tous les pratiquants FINBOARD, on cr\u00e9e Ensemble&nbsp; la Communaut\u00e9 FINBOARD, on partage dans le plaisir et l&rsquo;Humilit\u00e9 nos exp\u00e9rience respectives et nos lieux de pratiques, Bienvenu(es) chez nous en attendant de venir vous rencontrer.<\/p>\n<p>&nbsp;<\/p>\n<h2>Prochain \u00e9v\u00e9nement :<\/h2>\n<p>Mai 2017: Ouverture des Bapt\u00eames de FINBOARD \u00e0 Dunkerque<\/p>\n<h2>Pour tout savoir de l&rsquo;origine \u00e0 maintenant: Pr\u00e9c\u00e9dentes publications<\/h2>\n<h3>15 , 16, 17, 18 Avril Stage de formation mat\u00e9riel de notre Equipe Dunkerquoise et partage d&rsquo;exp\u00e9rience en Bretagne.<\/h3>\n<p>&nbsp;<\/p>\n<p>http:\/\/www.opalelongecote.fr\/finboard-a-binic-15-avril-2017\/<\/p>\n<p>http:\/\/www.opalelongecote.fr\/finboard-tour-communaute-finboard\/<\/p>\n<p>____________________________________________________________<\/p>\n<ul>\n<li>\n<h3>10 , 11, 12 f\u00e9vrier 2017<\/h3>\n<\/li>\n<\/ul>\n<p>Compte rendu du Week &#8211; end et r\u00e9sultats des Premi\u00e8res Assises FINBOARD : <span style=\"text-decoration: underline;\"><span style=\"color: #0000ff;\"><a style=\"color: #0000ff; text-decoration: underline;\" href=\"http:\/\/www.opalelongecote.fr\/wp-content\/uploads\/2017\/02\/Opale-Longe-Cote-1ere-assises-FINBOARD-a-Dunkerque-Fevrier-2017Communication-.pdf\">LIRE<\/a><\/span><\/span><\/p>\n<p>____________________________________________________________<\/p>\n<h3>On cr\u00e9e Ensemble la premi\u00e8re communaut\u00e9 FINBOARD.<\/h3>\n<p>http:\/\/www.opalelongecote.fr\/pionniers-du-finboard\/<\/p>\n<ul>\n<li>\n<h3>10 Janvier 2017 :<\/h3>\n<h3>Un projet humain, environnemental, touristique, \u00e9conomique, industriel<\/h3>\n<\/li>\n<\/ul>\n<p>http:\/\/www.opalelongecote.fr\/dunkerque-capitale-du-finboard\/<\/p>\n<ul>\n<li>\n<h3>13 Septembre 2016<\/h3>\n<\/li>\n<\/ul>\n<p>http:\/\/www.opalelongecote.fr\/tendances-2017-sport-sante-bien-etre\/<\/p>\n<ul>\n<li>\n<h3>&nbsp; 27 Aout 2016<\/h3>\n<\/li>\n<\/ul>\n<p>http:\/\/www.opalelongecote.fr\/opale-longe-cote-terre-dinnovation\/<\/p>\n","protected":false},"excerpt":{"rendered":"<p>Le Finboard \u00e0 Dunkerque avec Opale Longe C\u00f4te Inventeur Breton Guillaume, Premi\u00e8re Communaut\u00e9&#8230; Dunkerquoise, \u00ab\u00a0B\u00e9b\u00e9 FINBOARD\u00a0\u00bb va grandir en mer du Nord sur la plage de Malo les Bains. Le projet FINBOARD Opale Longe C\u00f4te:&nbsp; projet-finboard-aquanautisme Lettre de Course ou d\u2019attention de Guillaume TURBEC inventeur du FINBOARD : LIRE R\u00e9sultats des Premi\u00e8res Assises FINBOARD Dunkerque [&hellip;]<\/p>\n","protected":false},"author":2,"featured_media":16951,"parent":0,"menu_order":0,"comment_status":"closed","ping_status":"closed","template":"","meta":{"footnotes":""},"class_list":["post-16947","page","type-page","status-publish","has-post-thumbnail","hentry"],"_links":{"self":[{"href":"https:\/\/www.opalelongecote.fr\/index2.php\/wp-json\/wp\/v2\/pages\/16947","targetHints":{"allow":["GET"]}}],"collection":[{"href":"https:\/\/www.opalelongecote.fr\/index2.php\/wp-json\/wp\/v2\/pages"}],"about":[{"href":"https:\/\/www.opalelongecote.fr\/index2.php\/wp-json\/wp\/v2\/types\/page"}],"author":[{"embeddable":true,"href":"https:\/\/www.opalelongecote.fr\/index2.php\/wp-json\/wp\/v2\/users\/2"}],"replies":[{"embeddable":true,"href":"https:\/\/www.opalelongecote.fr\/index2.php\/wp-json\/wp\/v2\/comments?post=16947"}],"version-history":[{"count":15,"href":"https:\/\/www.opalelongecote.fr\/index2.php\/wp-json\/wp\/v2\/pages\/16947\/revisions"}],"predecessor-version":[{"id":18524,"href":"https:\/\/www.opalelongecote.fr\/index2.php\/wp-json\/wp\/v2\/pages\/16947\/revisions\/18524"}],"wp:featuredmedia":[{"embeddable":true,"href":"https:\/\/www.opalelongecote.fr\/index2.php\/wp-json\/wp\/v2\/media\/16951"}],"wp:attachment":[{"href":"https:\/\/www.opalelongecote.fr\/index2.php\/wp-json\/wp\/v2\/media?parent=16947"}],"curies":[{"name":"wp","href":"https:\/\/api.w.org\/{rel}","templated":true}]}}