{"id":15602,"date":"2016-03-22T05:23:45","date_gmt":"2016-03-22T04:23:45","guid":{"rendered":"http:\/\/www.opalelongecote.fr\/?page_id=15602"},"modified":"2016-06-20T18:43:44","modified_gmt":"2016-06-20T17:43:44","slug":"ultra-trail-aquatique","status":"publish","type":"page","link":"https:\/\/www.opalelongecote.fr\/index2.php\/ultra-trail-aquatique\/","title":{"rendered":"Ultra Trail Aquatique Pr\u00e9sentation"},"content":{"rendered":"<h2>Ultra Trail Aquatique<\/h2>\n<p>Premi\u00e8re \u00ab\u00a0mondiale\u00a0\u00bb, \u00a0en termes de <strong>milieu<\/strong>\u00a0: La Mer, de <strong>distance<\/strong>\u00a0: 25 Km minimum, en terme de <strong>philosophie<\/strong>, les \u00e9quipes ne vont pas s\u2019affronter mais se rassembler et s\u2019aider en fonction des ambitions collectives, de <strong>g\u00e9opolitique\u00a0: <\/strong>on r\u00e9unit 2 pays.<\/p>\n<p><img decoding=\"async\" class=\"alignnone wp-image-16417 lazyload\" data-src=\"http:\/\/www.opalelongecote.fr\/wp-content\/uploads\/2016\/03\/Soleil-Levant-2016-HD-300x102.jpg\" alt=\"Soleil Levant 2016 HD\" width=\"818\" height=\"278\" data-srcset=\"https:\/\/www.opalelongecote.fr\/wp-content\/uploads\/2016\/03\/Soleil-Levant-2016-HD-300x102.jpg 300w, https:\/\/www.opalelongecote.fr\/wp-content\/uploads\/2016\/03\/Soleil-Levant-2016-HD-768x261.jpg 768w, https:\/\/www.opalelongecote.fr\/wp-content\/uploads\/2016\/03\/Soleil-Levant-2016-HD-510x174.jpg 510w, https:\/\/www.opalelongecote.fr\/wp-content\/uploads\/2016\/03\/Soleil-Levant-2016-HD-600x204.jpg 600w\" data-sizes=\"(max-width: 818px) 100vw, 818px\" src=\"data:image\/svg+xml;base64,PHN2ZyB3aWR0aD0iMSIgaGVpZ2h0PSIxIiB4bWxucz0iaHR0cDovL3d3dy53My5vcmcvMjAwMC9zdmciPjwvc3ZnPg==\" style=\"--smush-placeholder-width: 818px; --smush-placeholder-aspect-ratio: 818\/278;\" \/><\/p>\n<h2>Soleil Levant : 25 Juin 2016 Nieupoort &#8211; Dunkerque, d\u00e9part 5h30 am.<\/h2>\n<p><strong>25 km en ligne droite<\/strong>, mais quelle distance r\u00e9elle en suivant les bancs de sable?<\/p>\n<p>Qu&rsquo;est-ce qu&rsquo;une distance en Milieu Naturel, dans l\u2019\u00e9l\u00e9ment, dans ou\u00a0 face aux courants.<\/p>\n<p>Opale Longe C\u00f4te vous propose de vivre un \u00e9v\u00e9nement\u00a0 in\u00e9dit, une aventure sportive, humaine et int\u00e9rieure o\u00f9 la solidarit\u00e9 et les ressources mentales seront aussi importantes que la Force physique.<\/p>\n<p><strong>Pourquoi une telle \u00e9preuve<\/strong>.<\/p>\n<p>Opale Longe C\u00f4te, fondatrice et laboratoire de la discipline, sort toute l&rsquo;ann\u00e9e au minimum 5 fois par semaine en moyenne, les sorties dominicales comptent jusqu&rsquo;\u00e0 150 participants.<\/p>\n<p>Lors de l&rsquo;AG d&rsquo;octobre 2015 notre association comptabilisait 90103\u00a0 sorties en mer depuis sa cr\u00e9ation en Mai 2007 dont 10396 sorties \u00e0 la carte. Cette exp\u00e9rience nous permet de porter les constatations\u00a0 suivantes confortant le postulat fondateur:<\/p>\n<p>Le Longe C\u00f4te &#8211; marche aquatique est avant tout une d\u00e9couverte de la Mer, du Milieu Naturel, est une aventure collective et une d\u00e9couverte de soi.<\/p>\n<p><strong>La discipline est particuli\u00e8rement adapt\u00e9e aux efforts longue distance,<\/strong> c&rsquo;est une activit\u00e9 port\u00e9e non traumatisante pour les articulations.<\/p>\n<p>La Mer est impr\u00e9visible, la pratique en \u00e9quipe est essentielle, il ne s&rsquo;agit pas de s&rsquo;opposer \u00e0 l&rsquo;autre dans une comp\u00e9tition aussi amicale soit-elle, la vie ne nous offre d\u00e9j\u00e0 que trop d&rsquo;opportunit\u00e9s de nous opposer, mais de <strong>se confronter Ensemble \u00e0 la Nature.<\/strong><\/p>\n<p><strong>A qui s\u00a0\u00bbadresse cette \u00e9preuve<\/strong><\/p>\n<p><strong>A tous les publics<\/strong>, \u00e0 chacun en fonction de son envie et de ses capacit\u00e9s. Plusieurs distances et formules sont propos\u00e9es pour permettre \u00e0 tous de participer.<\/p>\n<p>Pour le NO LIMIT, <span style=\"text-decoration: underline;\">un certificat m\u00e9dical de pratique de sport d&rsquo;endurance en comp\u00e9tition sera requis<\/span> ainsi qu&rsquo;une <span style=\"text-decoration: underline;\">validation de participation par le comit\u00e9 organisateur.<\/span><\/p>\n<p>Des tests et des pr\u00e9parations sont propos\u00e9s, la reconnaissance du parcours est effectu\u00e9e.<\/p>\n<h3>Sont d\u00e9j\u00e0 en lice:<\/h3>\n<ul>\n<li><strong>Cat\u00e9gorie NO LIMIT,<\/strong><\/li>\n<\/ul>\n<p>Forte de son exp\u00e9rience (Bray Dunes &#8211; Dunkerque, La panne &#8211; Dunkerque, 24h D&rsquo;Opale Edition 2012 et 2013 (certains ont pass\u00e9 jusqu&rsquo;\u00e0 18h dans l&rsquo;eau et\/ou\u00a0 couvert au moins la distance d&rsquo;un marathon), Nuits du Longe C\u00f4te Edition 2014 et 2015 (14h dans l&rsquo;eau sans interruption), se mettra \u00e0 l&rsquo;Eau \u00e0 5h30 \u00e0 Nieupoort le samedi 25 juin et tentera de rejoindre la base de la\u00a0 Licorne \u00e0 Dunkerque avant la nuit.<\/p>\n<p>3 groupes composent \u00e0 ce jour la No Limit:<\/p>\n<p><strong>Les Sir\u00e8nes:<\/strong> \u00c9quipe 100% f\u00e9minine emmen\u00e9e par V\u00e9ronique,\u00a0 et Sophie et rejointes cette ann\u00e9e par Fabienne et V\u00e9ro\u00a0 et&#8230;..<\/p>\n<p><strong>Les Nounours:\u00a0\u00a0\u00a0\u00a0\u00a0 <\/strong>Philosophie Aventure &#8211; Loisir.<\/p>\n<p><strong>Les Ours Blancs:\u00a0 <\/strong>Philosophie Trail<\/p>\n<p style=\"text-align: center;\"><span style=\"color: #ff0000;\">Le bon niveau d&rsquo;eau est essentielle vu la dur\u00e9e de l&rsquo;\u00e9preuve.<\/span><\/p>\n<ul>\n<li><strong>Cat\u00e9gorie \u00ab\u00a0Pour Tous\u00a0\u00bb<\/strong><\/li>\n<\/ul>\n<p>2 Groupes sont en cours de pr\u00e9paration pour permettre \u00e0 chacun de participer \u00e0 l&rsquo;aventure<\/p>\n<p><strong>Les 50 &#8211; 50 : <\/strong>50% Mer et 50% Plage<\/p>\n<p><strong>Les 20 &#8211; 80 : <\/strong>20% Mer et 80% d&rsquo;autres choses (balades sur le sable, restaurant, pique nique, glaces)<\/p>\n<p><strong>Les 100<\/strong> : 100% Solidaires, pr\u00e9sents pour participer \u00e0 terre, dans l&rsquo;eau peut \u00eatre&#8230; Ensemble.<\/p>\n<h3>Sortie Internationale<\/h3>\n<ul>\n<li><strong>Nos Amis Belges<\/strong><\/li>\n<\/ul>\n<p>La Longue Histoire d&rsquo;amiti\u00e9 et de partage Franco &#8211; Belge Immortalis\u00e9e un jour par Emmanu\u00e8le PERRET envoy\u00e9e Sp\u00e9ciale du Journal Lib\u00e9ration : <span style=\"text-decoration: underline;\"><span style=\"color: #0000ff;\"><a style=\"color: #0000ff; text-decoration: underline;\" href=\"http:\/\/www.liberation.fr\/voyages\/2014\/12\/26\/les-warriors-de-la-mer-du-nord_1170426\">Article<\/a><\/span><\/span> v\u00e9cu au quotidien avec nos adh\u00e9rents belges prend par cet \u00e9v\u00e9nement une nouvelle dimension. Luc DECASTIAU ami de la premi\u00e8re heure rassemble des Bruxellois pour rejoindre les \u00e9quipes.<\/p>\n<h3>Le parcours<\/h3>\n<p><img decoding=\"async\" class=\"alignnone wp-image-15603 lazyload\" data-src=\"http:\/\/www.opalelongecote.fr\/wp-content\/uploads\/2016\/03\/Nieupoort-Dunkerque-25-Juin-2016-300x157.jpg\" alt=\"Nieupoort Dunkerque 25 Juin 2016\" width=\"818\" height=\"428\" data-srcset=\"https:\/\/www.opalelongecote.fr\/wp-content\/uploads\/2016\/03\/Nieupoort-Dunkerque-25-Juin-2016-300x157.jpg 300w, https:\/\/www.opalelongecote.fr\/wp-content\/uploads\/2016\/03\/Nieupoort-Dunkerque-25-Juin-2016-768x401.jpg 768w, https:\/\/www.opalelongecote.fr\/wp-content\/uploads\/2016\/03\/Nieupoort-Dunkerque-25-Juin-2016-510x266.jpg 510w, https:\/\/www.opalelongecote.fr\/wp-content\/uploads\/2016\/03\/Nieupoort-Dunkerque-25-Juin-2016-600x313.jpg 600w, https:\/\/www.opalelongecote.fr\/wp-content\/uploads\/2016\/03\/Nieupoort-Dunkerque-25-Juin-2016.jpg 1010w\" data-sizes=\"(max-width: 818px) 100vw, 818px\" src=\"data:image\/svg+xml;base64,PHN2ZyB3aWR0aD0iMSIgaGVpZ2h0PSIxIiB4bWxucz0iaHR0cDovL3d3dy53My5vcmcvMjAwMC9zdmciPjwvc3ZnPg==\" style=\"--smush-placeholder-width: 818px; --smush-placeholder-aspect-ratio: 818\/428;\" \/><\/p>\n<h3>Pr\u00e9-inscriptions<\/h3>\n<p>Pour plus de renseignements ou participer \u00e0 l&rsquo;\u00e9v\u00e8nement vous pouvez nous contacter par SMS au 07 78 14 47 57 ou voir Sophie, Philippe Bellynck ou Jean-paul\u00a0 lors de nos sorties.<\/p>\n<h2><img decoding=\"async\" class=\"wp-image-16397 aligncenter lazyload\" data-src=\"http:\/\/www.opalelongecote.fr\/wp-content\/uploads\/2016\/03\/PreinscriptionSL-300x121.jpg\" alt=\"PreinscriptionSL\" width=\"595\" height=\"240\" data-srcset=\"https:\/\/www.opalelongecote.fr\/wp-content\/uploads\/2016\/03\/PreinscriptionSL-300x121.jpg 300w, https:\/\/www.opalelongecote.fr\/wp-content\/uploads\/2016\/03\/PreinscriptionSL-768x309.jpg 768w, https:\/\/www.opalelongecote.fr\/wp-content\/uploads\/2016\/03\/PreinscriptionSL-510x205.jpg 510w, https:\/\/www.opalelongecote.fr\/wp-content\/uploads\/2016\/03\/PreinscriptionSL-600x242.jpg 600w, https:\/\/www.opalelongecote.fr\/wp-content\/uploads\/2016\/03\/PreinscriptionSL.jpg 1167w\" data-sizes=\"(max-width: 595px) 100vw, 595px\" src=\"data:image\/svg+xml;base64,PHN2ZyB3aWR0aD0iMSIgaGVpZ2h0PSIxIiB4bWxucz0iaHR0cDovL3d3dy53My5vcmcvMjAwMC9zdmciPjwvc3ZnPg==\" style=\"--smush-placeholder-width: 595px; --smush-placeholder-aspect-ratio: 595\/240;\" \/><\/h2>\n<p>&nbsp;<\/p>\n<h3 style=\"text-align: center;\">Opale Longe C\u00f4te, Porte des Mers, Porte de l&rsquo;Aventure, Porte de la connaissance de soi.<\/h3>\n<h3 style=\"text-align: center;\">\u00ab\u00a0Contre les vagues \u00e0 l&rsquo;\u00c2me, la diff\u00e9rence, l&rsquo;indiff\u00e9rence\u00a0\u00bb<\/h3>\n","protected":false},"excerpt":{"rendered":"<p>Ultra Trail Aquatique Premi\u00e8re \u00ab\u00a0mondiale\u00a0\u00bb, \u00a0en termes de milieu\u00a0: La Mer, de distance\u00a0: 25 Km minimum, en terme de philosophie, les \u00e9quipes ne vont pas s\u2019affronter mais se rassembler et s\u2019aider en fonction des ambitions collectives, de g\u00e9opolitique\u00a0: on r\u00e9unit 2 pays. Soleil Levant : 25 Juin 2016 Nieupoort &#8211; Dunkerque, d\u00e9part 5h30 am. 25 [&hellip;]<\/p>\n","protected":false},"author":2,"featured_media":15603,"parent":0,"menu_order":0,"comment_status":"closed","ping_status":"closed","template":"","meta":{"footnotes":""},"class_list":["post-15602","page","type-page","status-publish","has-post-thumbnail","hentry"],"_links":{"self":[{"href":"https:\/\/www.opalelongecote.fr\/index2.php\/wp-json\/wp\/v2\/pages\/15602","targetHints":{"allow":["GET"]}}],"collection":[{"href":"https:\/\/www.opalelongecote.fr\/index2.php\/wp-json\/wp\/v2\/pages"}],"about":[{"href":"https:\/\/www.opalelongecote.fr\/index2.php\/wp-json\/wp\/v2\/types\/page"}],"author":[{"embeddable":true,"href":"https:\/\/www.opalelongecote.fr\/index2.php\/wp-json\/wp\/v2\/users\/2"}],"replies":[{"embeddable":true,"href":"https:\/\/www.opalelongecote.fr\/index2.php\/wp-json\/wp\/v2\/comments?post=15602"}],"version-history":[{"count":21,"href":"https:\/\/www.opalelongecote.fr\/index2.php\/wp-json\/wp\/v2\/pages\/15602\/revisions"}],"predecessor-version":[{"id":16465,"href":"https:\/\/www.opalelongecote.fr\/index2.php\/wp-json\/wp\/v2\/pages\/15602\/revisions\/16465"}],"wp:featuredmedia":[{"embeddable":true,"href":"https:\/\/www.opalelongecote.fr\/index2.php\/wp-json\/wp\/v2\/media\/15603"}],"wp:attachment":[{"href":"https:\/\/www.opalelongecote.fr\/index2.php\/wp-json\/wp\/v2\/media?parent=15602"}],"curies":[{"name":"wp","href":"https:\/\/api.w.org\/{rel}","templated":true}]}}