{"id":13610,"date":"2015-11-28T06:36:03","date_gmt":"2015-11-28T05:36:03","guid":{"rendered":"http:\/\/www.opalelongecote.fr\/?page_id=13610"},"modified":"2015-11-28T06:36:03","modified_gmt":"2015-11-28T05:36:03","slug":"sante","status":"publish","type":"page","link":"https:\/\/www.opalelongecote.fr\/index2.php\/formation\/sante\/","title":{"rendered":"Sant\u00e9"},"content":{"rendered":"<h2>Sant\u00e9: Notre bien le plus pr\u00e9cieux<\/h2>\n<p>Faire du sport, avoir une pratique physique n&rsquo;est pas un choix, c&rsquo;est une obligation, c&rsquo;est vital!<\/p>\n<p>Nous sommes s\u00e9dentaires, consommons sans mod\u00e9ration, par plaisir (les gourmands), par habitude (C&rsquo;est l&rsquo;heure du repas ou de l&rsquo;ap\u00e9ro), par ennui, par frustration&#8230;.<\/p>\n<p>Nous prenons plus soin\u00a0 de notre environnement, de nos voitures, de nos maisons, de nos fringues que de nous-m\u00eame!<\/p>\n<p>Nous nous consommons \u00e0 petit feu voire plus.<\/p>\n<p>Nous qui r\u00eavons de vie \u00e9ternelle, nous faisons tout pour l\u2019abr\u00e9ger!<\/p>\n<p>Les bonnes pratiques nous les connaissons tous.<\/p>\n<p>Combien de bonnes r\u00e9solutions ne prenons-nous pas&#8230;.<\/p>\n<p>Entraidons-nous \u00e0 les tenir, ensemble!<\/p>\n<p>Partag\u00e9es elles seront moins lourdes \u00e0 porter<\/p>\n","protected":false},"excerpt":{"rendered":"<p>Sant\u00e9: Notre bien le plus pr\u00e9cieux Faire du sport, avoir une pratique physique n&rsquo;est pas un choix, c&rsquo;est une obligation, c&rsquo;est vital! Nous sommes s\u00e9dentaires, consommons sans mod\u00e9ration, par plaisir (les gourmands), par habitude (C&rsquo;est l&rsquo;heure du repas ou de l&rsquo;ap\u00e9ro), par ennui, par frustration&#8230;. Nous prenons plus soin\u00a0 de notre environnement, de nos voitures, [&hellip;]<\/p>\n","protected":false},"author":2,"featured_media":0,"parent":13165,"menu_order":0,"comment_status":"closed","ping_status":"closed","template":"","meta":{"footnotes":""},"class_list":["post-13610","page","type-page","status-publish","hentry"],"_links":{"self":[{"href":"https:\/\/www.opalelongecote.fr\/index2.php\/wp-json\/wp\/v2\/pages\/13610","targetHints":{"allow":["GET"]}}],"collection":[{"href":"https:\/\/www.opalelongecote.fr\/index2.php\/wp-json\/wp\/v2\/pages"}],"about":[{"href":"https:\/\/www.opalelongecote.fr\/index2.php\/wp-json\/wp\/v2\/types\/page"}],"author":[{"embeddable":true,"href":"https:\/\/www.opalelongecote.fr\/index2.php\/wp-json\/wp\/v2\/users\/2"}],"replies":[{"embeddable":true,"href":"https:\/\/www.opalelongecote.fr\/index2.php\/wp-json\/wp\/v2\/comments?post=13610"}],"version-history":[{"count":1,"href":"https:\/\/www.opalelongecote.fr\/index2.php\/wp-json\/wp\/v2\/pages\/13610\/revisions"}],"predecessor-version":[{"id":13611,"href":"https:\/\/www.opalelongecote.fr\/index2.php\/wp-json\/wp\/v2\/pages\/13610\/revisions\/13611"}],"up":[{"embeddable":true,"href":"https:\/\/www.opalelongecote.fr\/index2.php\/wp-json\/wp\/v2\/pages\/13165"}],"wp:attachment":[{"href":"https:\/\/www.opalelongecote.fr\/index2.php\/wp-json\/wp\/v2\/media?parent=13610"}],"curies":[{"name":"wp","href":"https:\/\/api.w.org\/{rel}","templated":true}]}}