{"id":1344,"date":"2013-11-28T23:46:28","date_gmt":"2013-11-28T22:46:28","guid":{"rendered":"http:\/\/www.opalelongecote.fr\/?page_id=1344"},"modified":"2018-11-20T19:13:29","modified_gmt":"2018-11-20T18:13:29","slug":"reservation-en-ligne","status":"publish","type":"page","link":"https:\/\/www.opalelongecote.fr\/index2.php\/faire-une-randonnee-pedestre-aquatique\/faire-une-randeau-avec-lassociation\/reservation-en-ligne\/","title":{"rendered":"R\u00e9servation en ligne"},"content":{"rendered":"<p>Vous pouvez r\u00e9server en ligne votre sortie : Pour faire du longe cote a Leffrinckoucke (Dunkerque) il vous suffit de choisir parmi plus de 150 dates tout au long de l&rsquo;ann\u00e9e.<\/p>\n<p>Vous avez le choix entre de faire du longe cote, le dimanche matin \u00e0 10H30, ou les mercredi et vendredi \u00e0 18H30 (qui se passe donc en nocturne de Octobre a F\u00e9vrier).<\/p>\n<div id='gallery-1' class='gallery galleryid-1344 gallery-columns-6 gallery-size-thumbnail'><figure class='gallery-item'>\n\t\t\t<div class='gallery-icon landscape'>\n\t\t\t\t<a href='https:\/\/www.opalelongecote.fr\/wp-content\/uploads\/2013\/12\/IMGP0867.jpg'><img decoding=\"async\" width=\"150\" height=\"150\" data-src=\"https:\/\/www.opalelongecote.fr\/wp-content\/uploads\/2013\/12\/IMGP0867-150x150.jpg\" class=\"attachment-thumbnail size-thumbnail lazyload\" alt=\"\" src=\"data:image\/svg+xml;base64,PHN2ZyB3aWR0aD0iMSIgaGVpZ2h0PSIxIiB4bWxucz0iaHR0cDovL3d3dy53My5vcmcvMjAwMC9zdmciPjwvc3ZnPg==\" style=\"--smush-placeholder-width: 150px; --smush-placeholder-aspect-ratio: 150\/150;\" \/><\/a>\n\t\t\t<\/div><\/figure><figure class='gallery-item'>\n\t\t\t<div class='gallery-icon landscape'>\n\t\t\t\t<a href='https:\/\/www.opalelongecote.fr\/wp-content\/uploads\/2013\/12\/IMGP0335.jpg'><img decoding=\"async\" width=\"150\" height=\"150\" data-src=\"https:\/\/www.opalelongecote.fr\/wp-content\/uploads\/2013\/12\/IMGP0335-150x150.jpg\" class=\"attachment-thumbnail size-thumbnail lazyload\" alt=\"\" src=\"data:image\/svg+xml;base64,PHN2ZyB3aWR0aD0iMSIgaGVpZ2h0PSIxIiB4bWxucz0iaHR0cDovL3d3dy53My5vcmcvMjAwMC9zdmciPjwvc3ZnPg==\" style=\"--smush-placeholder-width: 150px; --smush-placeholder-aspect-ratio: 150\/150;\" \/><\/a>\n\t\t\t<\/div><\/figure><figure class='gallery-item'>\n\t\t\t<div class='gallery-icon landscape'>\n\t\t\t\t<a href='https:\/\/www.opalelongecote.fr\/wp-content\/uploads\/2013\/12\/IMGP0268.jpg'><img decoding=\"async\" width=\"150\" height=\"150\" data-src=\"https:\/\/www.opalelongecote.fr\/wp-content\/uploads\/2013\/12\/IMGP0268-150x150.jpg\" class=\"attachment-thumbnail size-thumbnail lazyload\" alt=\"\" src=\"data:image\/svg+xml;base64,PHN2ZyB3aWR0aD0iMSIgaGVpZ2h0PSIxIiB4bWxucz0iaHR0cDovL3d3dy53My5vcmcvMjAwMC9zdmciPjwvc3ZnPg==\" style=\"--smush-placeholder-width: 150px; --smush-placeholder-aspect-ratio: 150\/150;\" \/><\/a>\n\t\t\t<\/div><\/figure><figure class='gallery-item'>\n\t\t\t<div class='gallery-icon landscape'>\n\t\t\t\t<a href='https:\/\/www.opalelongecote.fr\/wp-content\/uploads\/2013\/12\/20131201-D-46.jpg'><img decoding=\"async\" width=\"150\" height=\"150\" data-src=\"https:\/\/www.opalelongecote.fr\/wp-content\/uploads\/2013\/12\/20131201-D-46-150x150.jpg\" class=\"attachment-thumbnail size-thumbnail lazyload\" alt=\"\" src=\"data:image\/svg+xml;base64,PHN2ZyB3aWR0aD0iMSIgaGVpZ2h0PSIxIiB4bWxucz0iaHR0cDovL3d3dy53My5vcmcvMjAwMC9zdmciPjwvc3ZnPg==\" style=\"--smush-placeholder-width: 150px; --smush-placeholder-aspect-ratio: 150\/150;\" \/><\/a>\n\t\t\t<\/div><\/figure><figure class='gallery-item'>\n\t\t\t<div class='gallery-icon landscape'>\n\t\t\t\t<a href='https:\/\/www.opalelongecote.fr\/wp-content\/uploads\/2013\/11\/2007-Sel-871.jpg'><img decoding=\"async\" width=\"150\" height=\"150\" data-src=\"https:\/\/www.opalelongecote.fr\/wp-content\/uploads\/2013\/11\/2007-Sel-871-150x150.jpg\" class=\"attachment-thumbnail size-thumbnail lazyload\" alt=\"\" src=\"data:image\/svg+xml;base64,PHN2ZyB3aWR0aD0iMSIgaGVpZ2h0PSIxIiB4bWxucz0iaHR0cDovL3d3dy53My5vcmcvMjAwMC9zdmciPjwvc3ZnPg==\" style=\"--smush-placeholder-width: 150px; --smush-placeholder-aspect-ratio: 150\/150;\" \/><\/a>\n\t\t\t<\/div><\/figure><figure class='gallery-item'>\n\t\t\t<div class='gallery-icon landscape'>\n\t\t\t\t<a href='https:\/\/www.opalelongecote.fr\/wp-content\/uploads\/2013\/11\/phoca_thumb_l_2007-Sel-35.jpg'><img decoding=\"async\" width=\"150\" height=\"150\" data-src=\"https:\/\/www.opalelongecote.fr\/wp-content\/uploads\/2013\/11\/phoca_thumb_l_2007-Sel-35-150x150.jpg\" class=\"attachment-thumbnail size-thumbnail lazyload\" alt=\"\" src=\"data:image\/svg+xml;base64,PHN2ZyB3aWR0aD0iMSIgaGVpZ2h0PSIxIiB4bWxucz0iaHR0cDovL3d3dy53My5vcmcvMjAwMC9zdmciPjwvc3ZnPg==\" style=\"--smush-placeholder-width: 150px; --smush-placeholder-aspect-ratio: 150\/150;\" \/><\/a>\n\t\t\t<\/div><\/figure>\n\t\t<\/div>\n\n<p>[iframe https:\/\/marketplace.awoo.fr\/221\/Search 1050 1400]<\/p>\n<p>&nbsp;<\/p>\n","protected":false},"excerpt":{"rendered":"<p>Vous pouvez r\u00e9server en ligne votre sortie : Pour faire du longe cote a Leffrinckoucke (Dunkerque) il vous suffit de choisir parmi plus de 150 dates tout au long de l&rsquo;ann\u00e9e. Vous avez le choix entre de faire du longe cote, le dimanche matin \u00e0 10H30, ou les mercredi et vendredi \u00e0 18H30 (qui se [&hellip;]<\/p>\n","protected":false},"author":1,"featured_media":0,"parent":395,"menu_order":0,"comment_status":"closed","ping_status":"closed","template":"","meta":{"footnotes":""},"class_list":["post-1344","page","type-page","status-publish","hentry"],"_links":{"self":[{"href":"https:\/\/www.opalelongecote.fr\/index2.php\/wp-json\/wp\/v2\/pages\/1344","targetHints":{"allow":["GET"]}}],"collection":[{"href":"https:\/\/www.opalelongecote.fr\/index2.php\/wp-json\/wp\/v2\/pages"}],"about":[{"href":"https:\/\/www.opalelongecote.fr\/index2.php\/wp-json\/wp\/v2\/types\/page"}],"author":[{"embeddable":true,"href":"https:\/\/www.opalelongecote.fr\/index2.php\/wp-json\/wp\/v2\/users\/1"}],"replies":[{"embeddable":true,"href":"https:\/\/www.opalelongecote.fr\/index2.php\/wp-json\/wp\/v2\/comments?post=1344"}],"version-history":[{"count":19,"href":"https:\/\/www.opalelongecote.fr\/index2.php\/wp-json\/wp\/v2\/pages\/1344\/revisions"}],"predecessor-version":[{"id":28694,"href":"https:\/\/www.opalelongecote.fr\/index2.php\/wp-json\/wp\/v2\/pages\/1344\/revisions\/28694"}],"up":[{"embeddable":true,"href":"https:\/\/www.opalelongecote.fr\/index2.php\/wp-json\/wp\/v2\/pages\/395"}],"wp:attachment":[{"href":"https:\/\/www.opalelongecote.fr\/index2.php\/wp-json\/wp\/v2\/media?parent=1344"}],"curies":[{"name":"wp","href":"https:\/\/api.w.org\/{rel}","templated":true}]}}