{"id":13165,"date":"2015-11-20T17:00:45","date_gmt":"2015-11-20T16:00:45","guid":{"rendered":"http:\/\/www.opalelongecote.fr\/?page_id=13165"},"modified":"2016-01-23T10:48:40","modified_gmt":"2016-01-23T09:48:40","slug":"formation","status":"publish","type":"page","link":"https:\/\/www.opalelongecote.fr\/index2.php\/formation\/","title":{"rendered":"Formation Longe C\u00f4te."},"content":{"rendered":"<h3>Formation Longe C\u00f4te, aux sources de la pratique.<\/h3>\n<p><strong><a href=\"http:\/\/evene.lefigaro.fr\/citation\/savoir-prevoir-pouvoir-4164.php\">\u201cSavoir pour pr\u00e9voir, afin de pouvoir.\u201d\u00a0<\/a><\/strong> \u00a0 \u00a0 \u00a0\u00a0<span style=\"text-decoration: underline;\"><span style=\"color: #0000ff;\"> <a style=\"color: #0000ff; text-decoration: underline;\" href=\"http:\/\/evene.lefigaro.fr\/celebre\/biographie\/auguste-comte-638.php\">Auguste Comte<\/a><\/span><\/span><\/p>\n<p>C&rsquo;est l&rsquo;\u00e9quation \u00e0 laquelle nous avons \u00e9t\u00e9 confront\u00e9 lorsqu&rsquo;en 2006, nous avons \u00e9labor\u00e9 le projet \u00ab\u00a0Longe C\u00f4te, \u00c9volution en Milieu Marin&#8230;\u00a0\u00bb<\/p>\n<p>Aucune r\u00e9f\u00e9rence, aucun exemple puisqu&rsquo;il s&rsquo;agissait d&rsquo;une \u00ab\u00a0premi\u00e8re mondiale\u00a0\u00bb&#8230;<\/p>\n<p>Notre association a donc exp\u00e9riment\u00e9, test\u00e9, d\u00e9fini, \u00e9crit et mis en place <strong>les r\u00e8gles de la pratique qui pr\u00e9valent aujourd&rsquo;hui.<br \/>\n<\/strong><\/p>\n<p>Elles sont i<strong><span style=\"text-decoration: underline;\">ssues de l&rsquo;exp\u00e9rience acquise<\/span><\/strong> au cours de milliers d&rsquo;heures de pratique et d&rsquo;encadrement.<span style=\"text-decoration: underline;\"><span style=\"color: #0000ff; text-decoration: underline;\"><a style=\"color: #0000ff; text-decoration: underline;\" href=\"http:\/\/www.opalelongecote.fr\/opale-longe-cote-en-chiffres\/\">(Opale-longe-cote-en-chiffres)<\/a><\/span><\/span><\/p>\n<p><strong>Cette exp\u00e9rience, nous la partageons depuis l&rsquo;origine<\/strong>, nous formons nos accompagnateurs, avons form\u00e9 les premiers accompagnateurs du R\u00e9seau Sentiers Bleus que notre association a imagin\u00e9, cr\u00e9\u00e9 en 2009 et pr\u00e9sid\u00e9 jusqu&rsquo;en 2013.<\/p>\n<p>En 2013, l&rsquo;association Opale Longe C\u00f4te quitte le dispositif Sentiers Bleus, les orientations philosophiques, sportives\u00a0 et strat\u00e9giques propos\u00e9es par la nouvelle \u00e9quipe nomm\u00e9e n&rsquo;\u00e9tant pas en ad\u00e9quation avec le projet de notre association.<\/p>\n<h3>Formation Longe C\u00f4te 2016<\/h3>\n<p>Les Sentiers Bleus ont d\u00e9velopp\u00e9 leur offre de formation et int\u00e9gr\u00e9 La F\u00e9d\u00e9ration de Randonn\u00e9e P\u00e9destre.<\/p>\n<p>Opale Longe C\u00f4te a fait le choix de partager son exp\u00e9rience avec des Passionn\u00e9s et Professionnels de la Mer et du Milieu Aquatique.<\/p>\n<h3>FFESSM<\/h3>\n<p>Poursuivre l&rsquo;aventure vers le Large, Evolution en Milieu Aquatique en Partenariat\u00a0 avec la F\u00e9d\u00e9ration Fran\u00e7aise Fran\u00e7aise d\u2019\u00c9tudes et de Sports Sous-Marins. .<\/p>\n<p><img decoding=\"async\" class=\"size-medium wp-image-8635 aligncenter lazyload\" data-src=\"http:\/\/www.opalelongecote.fr\/wp-content\/uploads\/2014\/12\/logoFFESSM-300x77.jpg\" data-sizes=\"(max-width: 300px) 100vw, 300px\" data-srcset=\"http:\/\/www.opalelongecote.fr\/wp-content\/uploads\/2014\/12\/logoFFESSM-300x77.jpg 300w, http:\/\/www.opalelongecote.fr\/wp-content\/uploads\/2014\/12\/logoFFESSM-250x64.jpg 250w, http:\/\/www.opalelongecote.fr\/wp-content\/uploads\/2014\/12\/logoFFESSM.jpg 505w\" alt=\"logoFFESSM\" width=\"300\" height=\"77\" src=\"data:image\/svg+xml;base64,PHN2ZyB3aWR0aD0iMSIgaGVpZ2h0PSIxIiB4bWxucz0iaHR0cDovL3d3dy53My5vcmcvMjAwMC9zdmciPjwvc3ZnPg==\" style=\"--smush-placeholder-width: 300px; --smush-placeholder-aspect-ratio: 300\/77;\" \/><\/p>\n<p>En compl\u00e9ment des diff\u00e9rentes formes de pratique du Longe C\u00f4te (zen, loisir, aventure, trail); de l&rsquo;aquaphilie et du longeball, vous pouvez d\u00e9sormais prendre le LARGE et d\u00e9couvrir:<\/p>\n<p><strong>L&rsquo;aquatrail, la Rand&rsquo;eau, L&rsquo;Ultimate.<\/strong><\/p>\n<h3>FFN<\/h3>\n<p>Avec notre Maitre Nageur Sauveteur S\u00e9bastien, partenaire de notre association depuis 2011, nous proposons tous les dimanches matin des s\u00e9ances d&rsquo;<strong>aquagym<\/strong>, d&rsquo;aquaphilie ou d&rsquo;initiation perfectionnement nage en mer et organisons des <strong>sessions de formation et d&rsquo;entrainement au sauvetage aquatique.<\/strong><\/p>\n<h3><\/h3>\n<h3>Porte des Mers, Longe C\u00f4te 3D<\/h3>\n<p>C&rsquo;est quoi le Longe C\u00f4te, o\u00f9 et quoi pratiquer ou \u00e0 quoi se former?<\/p>\n<p style=\"text-align: center;\"><strong><a href=\"http:\/\/evene.lefigaro.fr\/citation\/etudie-non-savoir-savoir-mieux-6541.php\">\u201cEtudie, non pour savoir plus, mais pour savoir mieux. \u201d<\/a><\/strong>\u00a0\u00a0\u00a0 <a href=\"http:\/\/evene.lefigaro.fr\/celebre\/biographie\/seneque-342.php\">S\u00e9n\u00e8que<\/a><\/p>\n<p>Connaitre la Mer, les diff\u00e9rentes forment de pratiques, les postures, les pratiquants, leurs attentes, permettre au plus grand nombre de pratiquer une activit\u00e9 de pleine nature, toute l&rsquo;ann\u00e9e,\u00a0 dans la s\u00e9curit\u00e9, le plaisir, la convivialit\u00e9 pour l&rsquo;\u00e9panouissement de chacun:<\/p>\n<h3>Telle est la vision et la proposition d&rsquo;Opale Longe C\u00f4te<\/h3>\n<p><strong>\u00ab\u00a0Vous ne pouvez rien enseigner \u00e0 un homme; vous ne pouvez que l&rsquo;aider \u00e0 le d\u00e9couvrir en lui-m\u00eame. \u00a0\u00bb \u00a0 <\/strong>Galil\u00e9e<\/p>\n<p style=\"text-align: center;\">\u00a0 \u00ab\u00a0Contre les vagues \u00e0 l&rsquo;\u00c2me, la diff\u00e9rence, l&rsquo;Indiff\u00e9rence\u00a0\u00bb<\/p>\n","protected":false},"excerpt":{"rendered":"<p>Formation Longe C\u00f4te, aux sources de la pratique. \u201cSavoir pour pr\u00e9voir, afin de pouvoir.\u201d\u00a0 \u00a0 \u00a0 \u00a0\u00a0 Auguste Comte C&rsquo;est l&rsquo;\u00e9quation \u00e0 laquelle nous avons \u00e9t\u00e9 confront\u00e9 lorsqu&rsquo;en 2006, nous avons \u00e9labor\u00e9 le projet \u00ab\u00a0Longe C\u00f4te, \u00c9volution en Milieu Marin&#8230;\u00a0\u00bb Aucune r\u00e9f\u00e9rence, aucun exemple puisqu&rsquo;il s&rsquo;agissait d&rsquo;une \u00ab\u00a0premi\u00e8re mondiale\u00a0\u00bb&#8230; Notre association a donc exp\u00e9riment\u00e9, test\u00e9, [&hellip;]<\/p>\n","protected":false},"author":2,"featured_media":11690,"parent":0,"menu_order":0,"comment_status":"closed","ping_status":"closed","template":"","meta":{"footnotes":""},"class_list":["post-13165","page","type-page","status-publish","has-post-thumbnail","hentry"],"_links":{"self":[{"href":"https:\/\/www.opalelongecote.fr\/index2.php\/wp-json\/wp\/v2\/pages\/13165","targetHints":{"allow":["GET"]}}],"collection":[{"href":"https:\/\/www.opalelongecote.fr\/index2.php\/wp-json\/wp\/v2\/pages"}],"about":[{"href":"https:\/\/www.opalelongecote.fr\/index2.php\/wp-json\/wp\/v2\/types\/page"}],"author":[{"embeddable":true,"href":"https:\/\/www.opalelongecote.fr\/index2.php\/wp-json\/wp\/v2\/users\/2"}],"replies":[{"embeddable":true,"href":"https:\/\/www.opalelongecote.fr\/index2.php\/wp-json\/wp\/v2\/comments?post=13165"}],"version-history":[{"count":14,"href":"https:\/\/www.opalelongecote.fr\/index2.php\/wp-json\/wp\/v2\/pages\/13165\/revisions"}],"predecessor-version":[{"id":15426,"href":"https:\/\/www.opalelongecote.fr\/index2.php\/wp-json\/wp\/v2\/pages\/13165\/revisions\/15426"}],"wp:featuredmedia":[{"embeddable":true,"href":"https:\/\/www.opalelongecote.fr\/index2.php\/wp-json\/wp\/v2\/media\/11690"}],"wp:attachment":[{"href":"https:\/\/www.opalelongecote.fr\/index2.php\/wp-json\/wp\/v2\/media?parent=13165"}],"curies":[{"name":"wp","href":"https:\/\/api.w.org\/{rel}","templated":true}]}}