{"id":13161,"date":"2015-11-20T16:44:53","date_gmt":"2015-11-20T15:44:53","guid":{"rendered":"http:\/\/www.opalelongecote.fr\/?page_id=13161"},"modified":"2015-11-25T11:53:55","modified_gmt":"2015-11-25T10:53:55","slug":"supports-de-formation","status":"publish","type":"page","link":"https:\/\/www.opalelongecote.fr\/index2.php\/formation\/encadrement\/supports-de-formation\/","title":{"rendered":"Supports de formation"},"content":{"rendered":"<h3>Longe C\u00f4te &#8211; Marche Aquatique<\/h3>\n<p><span style=\"text-decoration: underline;\"><span style=\"color: #0000ff; text-decoration: underline;\"><a style=\"color: #0000ff; text-decoration: underline;\" href=\"http:\/\/www.opalelongecote.fr\/wp-content\/uploads\/2015\/11\/Formation-Longe-Cte-Evolution-en-Milieu-Aquatique-2016.pdf\">Formation Longe C\u00f4te Evolution en Milieu Aquatique 2016<\/a> <\/span><\/span>(Houlgate\u00a0 \/ Dunkerque \/ Nov 2016)<\/p>\n<p><span style=\"text-decoration: underline;\"><span style=\"color: #0000ff;\"><a style=\"color: #0000ff; text-decoration: underline;\" href=\"http:\/\/www.opalelongecote.fr\/wp-content\/uploads\/2015\/11\/Opale-Longe-Cte-Connaissance-Prevention-et-Risques-longe-cote-10-2015.pdf\">Opale Longe C\u00f4te &#8211; Connaissance Prevention et Risques longe cote 10 2015<\/a><\/span><\/span><\/p>\n<h3>Secourisme<\/h3>\n<p>Un grand merci au Docteur LAGOUTTE , m\u00e9decin urgentiste, pour les echanges que nous avons pu avoir en Normandie, pour ces t\u00e9moignages, pour les supports qu&rsquo;il a accept\u00e9 de nous confier.<\/p>\n<p>Merci de ne pas diffuser et de les reserver \u00e0 votre usage personnel.<\/p>\n<p>Un seul regret celui de ne pas pouvoir faire rencontrer ce m\u00e9decin exceptionnel de 78 ans aussi passionn\u00e9 qu&rsquo;au premier jour.<\/p>\n<ul>\n<li><span style=\"color: #0000ff;\"><a style=\"color: #0000ff; text-decoration: underline;\" href=\"http:\/\/www.opalelongecote.fr\/wp-content\/uploads\/2015\/11\/Que-faire-devant-un-malaise.pdf\">Que faire devant un malaise<\/a><\/span><\/li>\n<li><span style=\"text-decoration: underline;\"><span style=\"color: #0000ff;\"><a style=\"color: #0000ff; text-decoration: underline;\" href=\"http:\/\/www.opalelongecote.fr\/wp-content\/uploads\/2015\/11\/Les-Noyades.pdf\">Les Noyades<\/a><\/span><\/span><\/li>\n<li><span style=\"text-decoration: underline;\"><span style=\"color: #0000ff;\"><a style=\"color: #0000ff; text-decoration: underline;\" href=\"http:\/\/www.opalelongecote.fr\/wp-content\/uploads\/2015\/11\/HYPOTHERMIE.pdf\">HYPOTHERMIE<\/a><\/span><\/span><\/li>\n<li><span style=\"text-decoration: underline;\"><span style=\"color: #0000ff;\"><a href=\"http:\/\/www.opalelongecote.fr\/wp-content\/uploads\/2015\/11\/hypothermie-fiche1.pdf\">hypothermie fiche<\/a><\/span><\/span><\/li>\n<\/ul>\n","protected":false},"excerpt":{"rendered":"<p>Longe C\u00f4te &#8211; Marche Aquatique Formation Longe C\u00f4te Evolution en Milieu Aquatique 2016 (Houlgate\u00a0 \/ Dunkerque \/ Nov 2016) Opale Longe C\u00f4te &#8211; Connaissance Prevention et Risques longe cote 10 2015 Secourisme Un grand merci au Docteur LAGOUTTE , m\u00e9decin urgentiste, pour les echanges que nous avons pu avoir en Normandie, pour ces t\u00e9moignages, pour [&hellip;]<\/p>\n","protected":false},"author":2,"featured_media":0,"parent":13153,"menu_order":0,"comment_status":"closed","ping_status":"closed","template":"","meta":{"footnotes":""},"class_list":["post-13161","page","type-page","status-publish","hentry"],"_links":{"self":[{"href":"https:\/\/www.opalelongecote.fr\/index2.php\/wp-json\/wp\/v2\/pages\/13161","targetHints":{"allow":["GET"]}}],"collection":[{"href":"https:\/\/www.opalelongecote.fr\/index2.php\/wp-json\/wp\/v2\/pages"}],"about":[{"href":"https:\/\/www.opalelongecote.fr\/index2.php\/wp-json\/wp\/v2\/types\/page"}],"author":[{"embeddable":true,"href":"https:\/\/www.opalelongecote.fr\/index2.php\/wp-json\/wp\/v2\/users\/2"}],"replies":[{"embeddable":true,"href":"https:\/\/www.opalelongecote.fr\/index2.php\/wp-json\/wp\/v2\/comments?post=13161"}],"version-history":[{"count":7,"href":"https:\/\/www.opalelongecote.fr\/index2.php\/wp-json\/wp\/v2\/pages\/13161\/revisions"}],"predecessor-version":[{"id":13170,"href":"https:\/\/www.opalelongecote.fr\/index2.php\/wp-json\/wp\/v2\/pages\/13161\/revisions\/13170"}],"up":[{"embeddable":true,"href":"https:\/\/www.opalelongecote.fr\/index2.php\/wp-json\/wp\/v2\/pages\/13153"}],"wp:attachment":[{"href":"https:\/\/www.opalelongecote.fr\/index2.php\/wp-json\/wp\/v2\/media?parent=13161"}],"curies":[{"name":"wp","href":"https:\/\/api.w.org\/{rel}","templated":true}]}}