{"id":13153,"date":"2015-11-20T16:23:03","date_gmt":"2015-11-20T15:23:03","guid":{"rendered":"http:\/\/www.opalelongecote.fr\/?page_id=13153"},"modified":"2018-11-17T06:36:28","modified_gmt":"2018-11-17T05:36:28","slug":"encadrement","status":"publish","type":"page","link":"https:\/\/www.opalelongecote.fr\/index2.php\/formation\/encadrement\/","title":{"rendered":"Encadrement"},"content":{"rendered":"<p>Il n\u2019existe pas \u00e0 ce jour de cadre juridique r\u00e9gissant la pratique de la marche aquatique \u2013 longe cote \u2013 Rand\u2019Eau.<\/p>\n<p>Il n\u2019existe pas plus de formation officielle, de dipl\u00f4me d\u2019aptitude \u00e0 l\u2019encadrement de l\u2019activit\u00e9.<\/p>\n<p>Notre association le 8 mai 2007 a lanc\u00e9 cette discipline. Raill\u00e9e \u00e0 ses d\u00e9buts, elle a fait depuis de nombreux \u00e9mules sous de multiples appellations.<\/p>\n<p>L&rsquo;association Opale Longe C\u00f4te a cr\u00e9\u00e9 la discipline en Mai 2007, a <strong>\u00e9tabli toutes les r\u00e8gles de s\u00e9curit\u00e9 et formes de pratiques.<br \/>\n<\/strong><\/p>\n<p>Nous avons eu le plaisir d\u2019accompagner certaines structures dans leur cr\u00e9ation d\u2019autres comme nous se sont jet\u00e9es \u00e0 l\u2019eau seules\u2026<\/p>\n<p><strong>Notre \u00ab\u00a0L\u00e9gitimit\u00e9\u00a0\u00bb<\/strong><\/p>\n<p>&#8211; Plus de 8 ann\u00e9es d\u2019exp\u00e9rience (oct 2015), en Mer, de pratique au &nbsp; &nbsp; \u00ab&nbsp;quotidien&nbsp;\u00bb avec 1543 adh\u00e9rents.<\/p>\n<p>(5 sorties par semaine, 52 semaines par an, de jour comme de nuit et accueil de groupe \u00e0 la demande)<\/p>\n<p>&#8211; 10 396 (bapt\u00eames ou sorties \u00e0 la carte (personne non adh\u00e9rente)<\/p>\n<p>&#8211; 90 103 mises \u00e0 l\u2019eau (1 mise \u00e0 l\u2019eau = 1 personne dans l\u2019eau pendant au moins 1 heure)<\/p>\n<p><strong>Nous formons <span style=\"text-decoration: underline;\">nos adh\u00e9rents, nos \u00e9quipes<\/span>&nbsp; et partageons notre exp\u00e9rience. &nbsp;<\/strong><\/p>\n<ul>\n<li>La Formation Marche &#8211; aquatique longe C\u00f4te est r\u00e9alis\u00e9e par les formateurs d&rsquo; Opale Longe C\u00f4te (ayant pour certains plus de 1000 de pratique, fondateurs de la discipline Evolution en Milieu Marin)<\/li>\n<li>La formation aquaphilie est assur\u00e9e par notre BEESAN et\/ou nos formateurs OLC.<\/li>\n<li>Les formations et exercices de nage et sauvetage aquatique sont assur\u00e9es par des BEESAN.<\/li>\n<li>Les formations Nage \u00e0 palmes sont assur\u00e9es par les Formateurs de la FFESSM<\/li>\n<li>Le secourisme formation PCS1 et remises \u00e0 niveau est assur\u00e9 par les organismes professionnels agr\u00e9\u00e9s (FFSS \/ Pompiers&#8230;)<\/li>\n<\/ul>\n<p>Toute l\u2019\u00e9quipe d&rsquo;encadrement d&rsquo;Opale Longe C\u00f4te est secouriste remis \u00e0 niveau de moins de 18 mois. Tous ont \u00e9t\u00e9 form\u00e9 sur le terrain en validation des acquis.Tous effectuent r\u00e9guli\u00e8rement des exercices adapt\u00e9s \u00e0 leur mission et se recyclent au moins une fois par an.<\/p>\n<p>Certains sont BNSSA &#8211; BSB \/ Moniteur d&rsquo;apn\u00e9e\/ Initiateur plong\u00e9e\/ Initiateurs nage \u00e0 palmes\/ Plongeurs \/professionnels de Sant\u00e9.<\/p>\n<p><strong>Nous recevons et allons \u00e0 la rencontre d&rsquo;associations et professionnels souhaitant mettre en place l&rsquo;activit\u00e9.<\/strong><\/p>\n<p>Nous partageons notre exp\u00e9rience de la pratique et de la gestion des groupes dans l&rsquo;eau, de l&rsquo;Economie du Longe C\u00f4te, de la vie associative, des relations institutionnelles, des relations entre encadrement et pratiquants, entre b\u00e9n\u00e9voles et professionnels, nous apprenons de vos attentes et partageons les projets.<\/p>\n<h3>Supports de formation:&nbsp; <span style=\"text-decoration: underline;\"><span style=\"color: #0000ff;\"><a style=\"color: #0000ff; text-decoration: underline;\" href=\"http:\/\/www.opalelongecote.fr\/encadrement\/supports-de-formation\/\">ACCES *<\/a><\/span><\/span><\/h3>\n<ul>\n<li>&nbsp;Formation Longe C\u00f4te &#8211; Evolution en Milieu Marin (Houlgate&nbsp; \/ Dunkerque \/ Nov 2016)<\/li>\n<li>Les risques du Longe C\u00f4te<\/li>\n<li>Secourisme\n<ul>\n<li>Les malaises<\/li>\n<li>La noyade<\/li>\n<li>Les malaises<\/li>\n<\/ul>\n<\/li>\n<\/ul>\n<p>*L\u2019acc\u00e8s est r\u00e9serv\u00e9 aux membres de l&rsquo;Equipe Opale Longe C\u00f4te et PDM.<\/p>\n<p>&nbsp;<\/p>\n","protected":false},"excerpt":{"rendered":"<p>Il n\u2019existe pas \u00e0 ce jour de cadre juridique r\u00e9gissant la pratique de la marche aquatique \u2013 longe cote \u2013 Rand\u2019Eau. Il n\u2019existe pas plus de formation officielle, de dipl\u00f4me d\u2019aptitude \u00e0 l\u2019encadrement de l\u2019activit\u00e9. Notre association le 8 mai 2007 a lanc\u00e9 cette discipline. Raill\u00e9e \u00e0 ses d\u00e9buts, elle a fait depuis de nombreux [&hellip;]<\/p>\n","protected":false},"author":2,"featured_media":0,"parent":13165,"menu_order":0,"comment_status":"closed","ping_status":"closed","template":"","meta":{"footnotes":""},"class_list":["post-13153","page","type-page","status-publish","hentry"],"_links":{"self":[{"href":"https:\/\/www.opalelongecote.fr\/index2.php\/wp-json\/wp\/v2\/pages\/13153","targetHints":{"allow":["GET"]}}],"collection":[{"href":"https:\/\/www.opalelongecote.fr\/index2.php\/wp-json\/wp\/v2\/pages"}],"about":[{"href":"https:\/\/www.opalelongecote.fr\/index2.php\/wp-json\/wp\/v2\/types\/page"}],"author":[{"embeddable":true,"href":"https:\/\/www.opalelongecote.fr\/index2.php\/wp-json\/wp\/v2\/users\/2"}],"replies":[{"embeddable":true,"href":"https:\/\/www.opalelongecote.fr\/index2.php\/wp-json\/wp\/v2\/comments?post=13153"}],"version-history":[{"count":5,"href":"https:\/\/www.opalelongecote.fr\/index2.php\/wp-json\/wp\/v2\/pages\/13153\/revisions"}],"predecessor-version":[{"id":27514,"href":"https:\/\/www.opalelongecote.fr\/index2.php\/wp-json\/wp\/v2\/pages\/13153\/revisions\/27514"}],"up":[{"embeddable":true,"href":"https:\/\/www.opalelongecote.fr\/index2.php\/wp-json\/wp\/v2\/pages\/13165"}],"wp:attachment":[{"href":"https:\/\/www.opalelongecote.fr\/index2.php\/wp-json\/wp\/v2\/media?parent=13153"}],"curies":[{"name":"wp","href":"https:\/\/api.w.org\/{rel}","templated":true}]}}