{"id":12681,"date":"2015-11-12T20:34:27","date_gmt":"2015-11-12T19:34:27","guid":{"rendered":"http:\/\/www.opalelongecote.fr\/?page_id=12681"},"modified":"2019-10-21T18:34:54","modified_gmt":"2019-10-21T17:34:54","slug":"opale-longe-cote-en-chiffres","status":"publish","type":"page","link":"https:\/\/www.opalelongecote.fr\/index2.php\/opale-longe-cote-en-chiffres\/","title":{"rendered":"Fiche signal\u00e9tique"},"content":{"rendered":"<h3>Opale Longe C\u00f4te, donn\u00e9es Clef, informations pratiques.(Maj 11\/2017)<\/h3>\n<p>Association cr\u00e9\u00e9e le 8 mai 2007 (Cr\u00e9atrice du longe C\u00f4te)<\/p>\n<p><strong>Objet:<\/strong> Faire d\u00e9couvrir, promouvoir et pratiquer le Longe C\u00f4te, Evolution en Milieu Marin&nbsp; <span style=\"color: #0000ff;\"><a style=\"color: #0000ff;\" href=\"http:\/\/www.opalelongecote.fr\/wp-content\/uploads\/2014\/12\/Statuts-version-10-2014.pdf\">Statuts version 10 2014<\/a><\/span><\/p>\n<p><strong>Lieu de pratique:<\/strong> Littoral C\u00f4te d&rsquo;Opale, plages de DUNKERQUE (Sentiers Bleus des Brise &#8211; Lames ) et LEFFRINCKOUCKE, (Sentiers Bleus de la Licorne.)<\/p>\n<p><strong>Jours de pratiques<\/strong>: Longe C\u00f4te : Mercredi et vendredi \u00e0 18h30 \/ Dimanche 10h30 \/ Autres cr\u00e9neaux&nbsp; ou activit\u00e9s souhait\u00e9s (nous consulter)<\/p>\n<p><strong>Accueil:<\/strong> Base de Voile de la Licorne 1 Digue Nicolas&nbsp; II, 59240 Dunkerque.<\/p>\n<ul>\n<li>Num\u00e9ro SIRET : 500915137.<\/li>\n<li>Si\u00e8ge social : 16 Rue Roger Salengro, 59495&nbsp; Leffrinckoucke<\/li>\n<li>T\u00e9l\u00e9phone : 07 78 14 47 57<\/li>\n<li>Courriel : <span style=\"text-decoration: underline;\"><span style=\"color: #0000ff;\"><a style=\"color: #0000ff; text-decoration: underline;\" href=\"mailto:contact@opalelongecote.fr\">contact@opalelongecote.fr<\/a><\/span><\/span><\/li>\n<li><em>Site Internet&nbsp;: <span style=\"text-decoration: underline;\"><span style=\"color: #0000ff;\"><a style=\"color: #0000ff; text-decoration: underline;\" href=\"http:\/\/www.opalelongecote.fr\">www.opalelongecote.fr<\/a><\/span><\/span><\/em><\/li>\n<\/ul>\n<ul>\n<li>Agr\u00e9ment&nbsp;: Jeunesse et Sport N\u00b0&nbsp;: 59 S <em>70 80<\/em> attribu\u00e9 par&nbsp;: Le MINIST\u00c8RE DE LA SANT\u00c9 DE LA JEUNESSE ET DES SPORTS&nbsp; Date&nbsp;:9 Novembre 2007.&nbsp; <span style=\"text-decoration: underline;\"><span style=\"color: #0000ff;\"><a style=\"color: #0000ff; text-decoration: underline;\" href=\"http:\/\/www.opalelongecote.fr\/wp-content\/uploads\/2014\/12\/agr\u00e9mentJS.pdf\">agr\u00e9ment JS<\/a><\/span><\/span><\/li>\n<li>Agr\u00e9ment&nbsp;: F\u00e9d\u00e9ration&nbsp; N\u00b0&nbsp;: 09 59 01 05 attribu\u00e9 par&nbsp;: F\u00e9d\u00e9ration Fran\u00e7aise d\u2019Etudes et de Sports Sous-Marins FFESSM&nbsp; Date&nbsp;: 8 D\u00e9cembre 2014&nbsp; <span style=\"text-decoration: underline;\"><span style=\"color: #0000ff;\"><a style=\"color: #0000ff; text-decoration: underline;\" href=\"http:\/\/www.opalelongecote.fr\/wp-content\/uploads\/2015\/11\/attestationclub_095901052014.pdf\">attestationclub<\/a><\/span><\/span>&nbsp;&nbsp;&nbsp;&nbsp;&nbsp;&nbsp;&nbsp;&nbsp;&nbsp; <span style=\"text-decoration: underline;\"><span style=\"color: #0000ff;\"><a style=\"color: #0000ff; text-decoration: underline;\" href=\"http:\/\/www.opalelongecote.fr\/wp-content\/uploads\/2014\/12\/Reglement-interieur-OLC-FFESSM.pdf\">Reglement interieur OLC FFESSM<\/a><\/span><\/span><\/li>\n<\/ul>\n<p><strong>Encadrement<\/strong><\/p>\n<p>Notre association a cr\u00e9\u00e9e la discipline, a d\u00e9finit et \u00e9crit les r\u00e8gles de s\u00e9curit\u00e9 et de pratiques, forment ses \u00e9quipes en formation continue partage son exp\u00e9rience et son savoir-faire.<\/p>\n<p>Les activit\u00e9s nage \u00e0 palmes sont encadr\u00e9es par des Initiateurs FFESSM, la nage en mer, l&rsquo;agagym et l&rsquo;encadrement scolaire par un BEESAN.<\/p>\n<p>L&rsquo;\u00e9quipe 2019 est compos\u00e9e de 40 b\u00e9n\u00e9voles, directeurs de sorties et Accompagnateurs.<\/p>\n<p><strong>Activit\u00e9<\/strong><\/p>\n<p><strong>Objectifs g\u00e9n\u00e9raux de l&rsquo;association&nbsp;?<\/strong><\/p>\n<p>1- Acc\u00e8s au <strong>sport SANTE \u2013 BIEN ETRE <\/strong>pour tous tout au long de sa vie et quel que soit sa sant\u00e9 ou son \u00ab&nbsp;handicap&nbsp;\u00bb<\/p>\n<p>2- <strong>Renforcer et D\u00e9velopper les tissus musculaires, familiaux et sociaux<\/strong> par une pratique collective r\u00e9currente<\/p>\n<p>3- <strong>Valoriser et promouvoir<\/strong> notre Littoral, notre Ville par la pratique de l\u2019activit\u00e9 aquatique en Milieu naturel sous toutes ses formes et toute l\u2019ann\u00e9e.<\/p>\n<p>4- <strong>Cr\u00e9er<\/strong> la premi\u00e8re station de sports divers, d\u2019hiver aquatiques en milieu naturel voire la premi\u00e8re station de thalassotherapie en milieu naturel<\/p>\n<p><strong>&nbsp;Contenu des missions r\u00e9alis\u00e9es ?<\/strong><\/p>\n<p>Pratique de l\u2019activit\u00e9 aquatique en mer sous toutes ses formes, selon l\u2019attente du public et selon l\u2019opportunit\u00e9 offerte par le milieu naturel marin.<\/p>\n<p>Marche \/ course \/ grande randonn\u00e9e\/aquaphilie\/ aquagym \/ bodyboard- hydrospeed \/ nage en mer \/ nage \u00e0 palme(s) en proximit\u00e9 de la plage ou en pleine mer\/initiation au sauvetage\/aqua trail (course \u00e0 contre-courant \/ retour \u00e0 la palme dans le courant) \/ longeball (sport co de ballon)<\/p>\n<p><strong>&nbsp;Publics accueillis.<\/strong><\/p>\n<p>1- Accueil toute l\u2019ann\u00e9e, y compris pendant les vacances scolaires et jour f\u00e9ri\u00e9s(hors vacances de Noel, notre base d\u2019accueil est ferm\u00e9e) de nos <strong>adh\u00e9rents<\/strong> 6 jours sur 7 (dimanche compris)<\/p>\n<p>2_ Accueil toute l\u2019ann\u00e9e, y compris pendant les vacances scolaires et jour f\u00e9ri\u00e9s(hors vacances de Noel, notre base d\u2019accueil est ferm\u00e9e) des <strong>TOURISTES <\/strong>en individuel, en association, en entreprise, les scolaires.<\/p>\n<p><strong>&nbsp;Nombre de personnes b\u00e9n\u00e9ficiaires de nos actions?<\/strong><\/p>\n<p>Depuis sa cr\u00e9ation (Mai 2007) notre association a r\u00e9alis\u00e9 au 1<sup>er<\/sup> Septembre 2019 : <strong>102 471<\/strong> mises \u00e0 l\u2019eau dont <strong>12 177<\/strong> mises \u00e0 l\u2019eau entre le 1<sup>er<\/sup> septembre 2015 et le 31 aout 2016<\/p>\n<p><a href=\"http:\/\/www.opalelongecote.fr\/opale-longe-cote-en-chiffres\/g_sorties\/\" rel=\"attachment wp-att-16679\"><img decoding=\"async\" class=\"size-medium wp-image-16679 aligncenter lazyload\" data-src=\"http:\/\/www.opalelongecote.fr\/wp-content\/uploads\/2015\/11\/G_Sorties-300x106.jpg\" alt=\"g_sorties\" width=\"300\" height=\"106\" data-srcset=\"https:\/\/www.opalelongecote.fr\/wp-content\/uploads\/2015\/11\/G_Sorties-300x106.jpg 300w, https:\/\/www.opalelongecote.fr\/wp-content\/uploads\/2015\/11\/G_Sorties-768x273.jpg 768w, https:\/\/www.opalelongecote.fr\/wp-content\/uploads\/2015\/11\/G_Sorties-510x181.jpg 510w, https:\/\/www.opalelongecote.fr\/wp-content\/uploads\/2015\/11\/G_Sorties-600x213.jpg 600w, https:\/\/www.opalelongecote.fr\/wp-content\/uploads\/2015\/11\/G_Sorties.jpg 1355w\" data-sizes=\"(max-width: 300px) 100vw, 300px\" src=\"data:image\/svg+xml;base64,PHN2ZyB3aWR0aD0iMSIgaGVpZ2h0PSIxIiB4bWxucz0iaHR0cDovL3d3dy53My5vcmcvMjAwMC9zdmciPjwvc3ZnPg==\" style=\"--smush-placeholder-width: 300px; --smush-placeholder-aspect-ratio: 300\/106;\" \/><\/a><\/p>\n<p>Les b\u00e9n\u00e9ficiaires de nos actions&nbsp;:<\/p>\n<p><a href=\"http:\/\/www.opalelongecote.fr\/opale-longe-cote-en-chiffres\/g_adhesions\/\" rel=\"attachment wp-att-16680\"><img decoding=\"async\" class=\"size-medium wp-image-16680 alignleft lazyload\" data-src=\"http:\/\/www.opalelongecote.fr\/wp-content\/uploads\/2015\/11\/G_Adhesions-300x75.jpg\" alt=\"g_adhesions\" width=\"300\" height=\"75\" data-srcset=\"https:\/\/www.opalelongecote.fr\/wp-content\/uploads\/2015\/11\/G_Adhesions-300x75.jpg 300w, https:\/\/www.opalelongecote.fr\/wp-content\/uploads\/2015\/11\/G_Adhesions-768x191.jpg 768w, https:\/\/www.opalelongecote.fr\/wp-content\/uploads\/2015\/11\/G_Adhesions-510x127.jpg 510w, https:\/\/www.opalelongecote.fr\/wp-content\/uploads\/2015\/11\/G_Adhesions-600x149.jpg 600w, https:\/\/www.opalelongecote.fr\/wp-content\/uploads\/2015\/11\/G_Adhesions.jpg 773w\" data-sizes=\"(max-width: 300px) 100vw, 300px\" src=\"data:image\/svg+xml;base64,PHN2ZyB3aWR0aD0iMSIgaGVpZ2h0PSIxIiB4bWxucz0iaHR0cDovL3d3dy53My5vcmcvMjAwMC9zdmciPjwvc3ZnPg==\" style=\"--smush-placeholder-width: 300px; --smush-placeholder-aspect-ratio: 300\/75;\" \/><\/a><a href=\"http:\/\/www.opalelongecote.fr\/opale-longe-cote-en-chiffres\/g_bapteme\/\" rel=\"attachment wp-att-16681\"><img decoding=\"async\" class=\"alignnone size-medium wp-image-16681 lazyload\" data-src=\"http:\/\/www.opalelongecote.fr\/wp-content\/uploads\/2015\/11\/G_bapteme-300x119.jpg\" alt=\"g_bapteme\" width=\"300\" height=\"119\" data-srcset=\"https:\/\/www.opalelongecote.fr\/wp-content\/uploads\/2015\/11\/G_bapteme-300x119.jpg 300w, https:\/\/www.opalelongecote.fr\/wp-content\/uploads\/2015\/11\/G_bapteme-768x305.jpg 768w, https:\/\/www.opalelongecote.fr\/wp-content\/uploads\/2015\/11\/G_bapteme-510x203.jpg 510w, https:\/\/www.opalelongecote.fr\/wp-content\/uploads\/2015\/11\/G_bapteme-600x238.jpg 600w, https:\/\/www.opalelongecote.fr\/wp-content\/uploads\/2015\/11\/G_bapteme.jpg 1228w\" data-sizes=\"(max-width: 300px) 100vw, 300px\" src=\"data:image\/svg+xml;base64,PHN2ZyB3aWR0aD0iMSIgaGVpZ2h0PSIxIiB4bWxucz0iaHR0cDovL3d3dy53My5vcmcvMjAwMC9zdmciPjwvc3ZnPg==\" style=\"--smush-placeholder-width: 300px; --smush-placeholder-aspect-ratio: 300\/119;\" \/><\/a><\/p>\n<p>Depuis sa cr\u00e9ation&nbsp;: <strong>1654<\/strong> personnes ont adh\u00e9r\u00e9es \u00e0 Opale Longec\u00f4te (<strong>443<\/strong> actifs pour la saison 2015\/2016)<\/p>\n<p>Depuis sa cr\u00e9ation notre association a accueilli en d\u00e9couverte, en bapt\u00eame, en activit\u00e9 \u00e0 la carte (personnes non adh\u00e9rentes) <strong>12274<\/strong> personnes dont <strong>1719<\/strong> pour la saison 2015-2016<\/p>\n<p>Lors de la saison 2015 \/ 2016 nous avons accueillis <strong>34 groupes sp\u00e9cifiques<\/strong> (groupe priv\u00e9 d\u2019amis\/associations\/entreprises\/Ecole\u2026)<\/p>\n<p><strong>&nbsp;Zone g\u00e9ographique ou territoire de r\u00e9alisation de nos missions ?<\/strong><\/p>\n<p>Localement<\/p>\n<ul>\n<li>La MER du Nord, La plage de Dunkerque \u2013 Malo \u2013 Leffrinckoucke, notre point de d\u00e9part \u00e9tant la base de la Licorne. \u00ab&nbsp;Curiosit\u00e9 touristique&nbsp;\u00bb nos groupes (de 60 \u00e0 120 personnes) s\u2019\u00e9tendent sur plus d\u2019un kilom\u00e8tre, dans l\u2019eau toute l\u2019ann\u00e9e. (4 saisons \u2013 nuit et jour)<\/li>\n<\/ul>\n<p>Ambassades et formations<\/p>\n<ul>\n<li>Voyages de rencontres, partage des pratiques et savoir faire, exploration, formations au moins une fois par an, (Saint &#8211; Malo, Crozon, Perros Guirrec, Hauteville, Franceville-Merville, Dubai, St Georges, Houlgate, Belgique.)<\/li>\n<\/ul>\n<h4>Une exp\u00e9rience unique<\/h4>\n<p><a href=\"http:\/\/www.opalelongecote.fr\/opale-longe-cote-en-chiffres\/olc_nombres\/\" rel=\"attachment wp-att-16683\"><img decoding=\"async\" class=\"wp-image-16683 aligncenter lazyload\" data-src=\"http:\/\/www.opalelongecote.fr\/wp-content\/uploads\/2015\/11\/Olc_Nombres-300x225.jpg\" alt=\"olc_nombres\" width=\"365\" height=\"274\" data-srcset=\"https:\/\/www.opalelongecote.fr\/wp-content\/uploads\/2015\/11\/Olc_Nombres-300x225.jpg 300w, https:\/\/www.opalelongecote.fr\/wp-content\/uploads\/2015\/11\/Olc_Nombres-768x576.jpg 768w, https:\/\/www.opalelongecote.fr\/wp-content\/uploads\/2015\/11\/Olc_Nombres-510x383.jpg 510w, https:\/\/www.opalelongecote.fr\/wp-content\/uploads\/2015\/11\/Olc_Nombres-600x450.jpg 600w, https:\/\/www.opalelongecote.fr\/wp-content\/uploads\/2015\/11\/Olc_Nombres.jpg 960w\" data-sizes=\"(max-width: 365px) 100vw, 365px\" src=\"data:image\/svg+xml;base64,PHN2ZyB3aWR0aD0iMSIgaGVpZ2h0PSIxIiB4bWxucz0iaHR0cDovL3d3dy53My5vcmcvMjAwMC9zdmciPjwvc3ZnPg==\" style=\"--smush-placeholder-width: 365px; --smush-placeholder-aspect-ratio: 365\/274;\" \/><\/a> <strong>Age moyen des pratiquants<\/strong><\/p>\n<p><a href=\"http:\/\/www.opalelongecote.fr\/opale-longe-cote-en-chiffres\/age\/\" rel=\"attachment wp-att-16684\"><img decoding=\"async\" class=\"wp-image-16684 aligncenter lazyload\" data-src=\"http:\/\/www.opalelongecote.fr\/wp-content\/uploads\/2015\/11\/Age-300x116.jpg\" alt=\"age\" width=\"378\" height=\"146\" data-srcset=\"https:\/\/www.opalelongecote.fr\/wp-content\/uploads\/2015\/11\/Age-300x116.jpg 300w, https:\/\/www.opalelongecote.fr\/wp-content\/uploads\/2015\/11\/Age-768x298.jpg 768w, https:\/\/www.opalelongecote.fr\/wp-content\/uploads\/2015\/11\/Age-510x198.jpg 510w, https:\/\/www.opalelongecote.fr\/wp-content\/uploads\/2015\/11\/Age-600x233.jpg 600w, https:\/\/www.opalelongecote.fr\/wp-content\/uploads\/2015\/11\/Age.jpg 1382w\" data-sizes=\"(max-width: 378px) 100vw, 378px\" src=\"data:image\/svg+xml;base64,PHN2ZyB3aWR0aD0iMSIgaGVpZ2h0PSIxIiB4bWxucz0iaHR0cDovL3d3dy53My5vcmcvMjAwMC9zdmciPjwvc3ZnPg==\" style=\"--smush-placeholder-width: 378px; --smush-placeholder-aspect-ratio: 378\/146;\" \/><\/a><\/p>\n<p>Depuis 2 ans nous notons <strong>une pratique de plus en plus familiale, en couple mais aussi avec les enfants.<\/strong> (Ados +)<\/p>\n<h2>R\u00e9trospective 2015 &#8211; 2016: <a href=\"http:\/\/www.opalelongecote.fr\/wp-content\/uploads\/2016\/12\/AG-OLC-2016Diffusion-Web.pdf\"><span style=\"text-decoration: underline;\"><span style=\"color: #0000ff; text-decoration: underline;\">Pr\u00e9sentation AG<\/span><\/span><\/a><\/h2>\n","protected":false},"excerpt":{"rendered":"<p>Opale Longe C\u00f4te, donn\u00e9es Clef, informations pratiques.(Maj 11\/2017) Association cr\u00e9\u00e9e le 8 mai 2007 (Cr\u00e9atrice du longe C\u00f4te) Objet: Faire d\u00e9couvrir, promouvoir et pratiquer le Longe C\u00f4te, Evolution en Milieu Marin&nbsp; Statuts version 10 2014 Lieu de pratique: Littoral C\u00f4te d&rsquo;Opale, plages de DUNKERQUE (Sentiers Bleus des Brise &#8211; Lames ) et LEFFRINCKOUCKE, (Sentiers Bleus [&hellip;]<\/p>\n","protected":false},"author":2,"featured_media":0,"parent":0,"menu_order":0,"comment_status":"closed","ping_status":"closed","template":"","meta":{"footnotes":""},"class_list":["post-12681","page","type-page","status-publish","hentry"],"_links":{"self":[{"href":"https:\/\/www.opalelongecote.fr\/index2.php\/wp-json\/wp\/v2\/pages\/12681","targetHints":{"allow":["GET"]}}],"collection":[{"href":"https:\/\/www.opalelongecote.fr\/index2.php\/wp-json\/wp\/v2\/pages"}],"about":[{"href":"https:\/\/www.opalelongecote.fr\/index2.php\/wp-json\/wp\/v2\/types\/page"}],"author":[{"embeddable":true,"href":"https:\/\/www.opalelongecote.fr\/index2.php\/wp-json\/wp\/v2\/users\/2"}],"replies":[{"embeddable":true,"href":"https:\/\/www.opalelongecote.fr\/index2.php\/wp-json\/wp\/v2\/comments?post=12681"}],"version-history":[{"count":20,"href":"https:\/\/www.opalelongecote.fr\/index2.php\/wp-json\/wp\/v2\/pages\/12681\/revisions"}],"predecessor-version":[{"id":28008,"href":"https:\/\/www.opalelongecote.fr\/index2.php\/wp-json\/wp\/v2\/pages\/12681\/revisions\/28008"}],"wp:attachment":[{"href":"https:\/\/www.opalelongecote.fr\/index2.php\/wp-json\/wp\/v2\/media?parent=12681"}],"curies":[{"name":"wp","href":"https:\/\/api.w.org\/{rel}","templated":true}]}}